{"id":97,"date":"2022-05-14T15:32:06","date_gmt":"2022-05-14T13:32:06","guid":{"rendered":"http:\/\/hoplatransition.org\/?page_id=97"},"modified":"2023-06-14T20:16:05","modified_gmt":"2023-06-14T18:16:05","slug":"2tonnes","status":"publish","type":"page","link":"https:\/\/hoplatransition.org\/index.php\/2tonnes\/","title":{"rendered":"2tonnes"},"content":{"rendered":"\n<div class=\"wp-block-media-text alignwide is-stacked-on-mobile\"><figure class=\"wp-block-media-text__media\"><img loading=\"lazy\" decoding=\"async\" width=\"1024\" height=\"573\" src=\"http:\/\/hoplatransition.org\/wp-content\/uploads\/2022\/05\/IMG_20220514_145033_716-1024x573.jpg\" alt=\"\" class=\"wp-image-94 size-full\" srcset=\"https:\/\/hoplatransition.org\/wp-content\/uploads\/2022\/05\/IMG_20220514_145033_716-1024x573.jpg 1024w, https:\/\/hoplatransition.org\/wp-content\/uploads\/2022\/05\/IMG_20220514_145033_716-300x168.jpg 300w, https:\/\/hoplatransition.org\/wp-content\/uploads\/2022\/05\/IMG_20220514_145033_716-768x430.jpg 768w, https:\/\/hoplatransition.org\/wp-content\/uploads\/2022\/05\/IMG_20220514_145033_716.jpg 1168w\" sizes=\"auto, (max-width: 1024px) 100vw, 1024px\" \/><\/figure><div class=\"wp-block-media-text__content\">\n<p class=\"has-medium-font-size\">Format: atelier immersif <\/p>\n\n\n\n<p>Dur\u00e9e: 3h<\/p>\n\n\n\n<p>Les changements climatiques sont dus aux \u00e9missions de gaz \u00e0 effet de serre trop importantes de notre soci\u00e9t\u00e9. Afin d\u2019op\u00e9rer une transition efficace vers un monde neutre en carbone, il faut r\u00e9duire d&#8217;ici 25 ans les \u00e9missions de gaz \u00e0 effet de serre \u00e0 2 tonnes CO2eq par personne et par an. C\u2019est l\u2019objectif fix\u00e9 \u00e0 2050 par les accords de Paris. <\/p>\n\n\n\n<p>Les participants sont invit\u00e9s \u00e0 d\u00e9couvrir les actions parfois individuelles, parfois collectives, \u00e0 entreprendre pour parvenir \u00e0 une soci\u00e9t\u00e9 \u00ab\u00a0bas carbone\u00a0\u00bb.  \u00c0 chaque tour de jeu, ils s\u00e9lectionnent celles qui leur semblent les plus pertinentes et peuvent constater les r\u00e9els impacts de chacune d&#8217;elles.<\/p>\n<\/div><\/div>\n","protected":false},"excerpt":{"rendered":"<p>Format: atelier immersif Dur\u00e9e: 3h Les changements climatiques sont dus aux \u00e9missions de gaz \u00e0 effet de serre trop importantes de notre soci\u00e9t\u00e9. Afin d\u2019op\u00e9rer une transition efficace vers un monde neutre en carbone, il faut r\u00e9duire d&#8217;ici 25 ans les \u00e9missions de gaz \u00e0 effet de serre \u00e0 2 tonnes CO2eq par personne et [&hellip;]<\/p>\n","protected":false},"author":1,"featured_media":0,"parent":0,"menu_order":0,"comment_status":"closed","ping_status":"closed","template":"","meta":{"_seopress_robots_primary_cat":"","_mc_calendar":[],"footnotes":""},"class_list":["post-97","page","type-page","status-publish","hentry"],"_links":{"self":[{"href":"https:\/\/hoplatransition.org\/index.php\/wp-json\/wp\/v2\/pages\/97","targetHints":{"allow":["GET"]}}],"collection":[{"href":"https:\/\/hoplatransition.org\/index.php\/wp-json\/wp\/v2\/pages"}],"about":[{"href":"https:\/\/hoplatransition.org\/index.php\/wp-json\/wp\/v2\/types\/page"}],"author":[{"embeddable":true,"href":"https:\/\/hoplatransition.org\/index.php\/wp-json\/wp\/v2\/users\/1"}],"replies":[{"embeddable":true,"href":"https:\/\/hoplatransition.org\/index.php\/wp-json\/wp\/v2\/comments?post=97"}],"version-history":[{"count":5,"href":"https:\/\/hoplatransition.org\/index.php\/wp-json\/wp\/v2\/pages\/97\/revisions"}],"predecessor-version":[{"id":1587,"href":"https:\/\/hoplatransition.org\/index.php\/wp-json\/wp\/v2\/pages\/97\/revisions\/1587"}],"wp:attachment":[{"href":"https:\/\/hoplatransition.org\/index.php\/wp-json\/wp\/v2\/media?parent=97"}],"curies":[{"name":"wp","href":"https:\/\/api.w.org\/{rel}","templated":true}]}}