{"id":81,"date":"2022-05-05T13:27:18","date_gmt":"2022-05-05T11:27:18","guid":{"rendered":"http:\/\/hoplatransition.org\/?page_id=81"},"modified":"2023-11-30T11:26:28","modified_gmt":"2023-11-30T10:26:28","slug":"conferences","status":"publish","type":"page","link":"https:\/\/hoplatransition.org\/index.php\/conferences\/","title":{"rendered":"Nos conf\u00e9rences"},"content":{"rendered":"\n<p class=\"has-text-align-left has-medium-font-size\">Parcourez ci-dessous notre offre de conf\u00e9rences &#8220;standards&#8221;.<br>Vous ne trouvez pas votre bonheur ? <a href=\"https:\/\/hoplatransition.org\/index.php\/nos-animations-sur-mesure\/\">Demandez une conf\u00e9rence sur mesure !<\/a><\/p>\n\n\n\n<div class=\"wp-block-media-text alignwide is-stacked-on-mobile\" style=\"grid-template-columns:21% auto\"><figure class=\"wp-block-media-text__media\"><img loading=\"lazy\" decoding=\"async\" width=\"771\" height=\"771\" src=\"https:\/\/hoplatransition.org\/wp-content\/uploads\/2023\/11\/Grand-public.png\" alt=\"\" class=\"wp-image-2162 size-full\" srcset=\"https:\/\/hoplatransition.org\/wp-content\/uploads\/2023\/11\/Grand-public.png 771w, https:\/\/hoplatransition.org\/wp-content\/uploads\/2023\/11\/Grand-public-300x300.png 300w, https:\/\/hoplatransition.org\/wp-content\/uploads\/2023\/11\/Grand-public-150x150.png 150w, https:\/\/hoplatransition.org\/wp-content\/uploads\/2023\/11\/Grand-public-768x768.png 768w\" sizes=\"auto, (max-width: 771px) 100vw, 771px\" \/><\/figure><div class=\"wp-block-media-text__content\">\n<p style=\"font-size:18px\">Conf\u00e9rence centr\u00e9e sur les actions individuelles :<br><strong>=&gt;<\/strong> Les bases du d\u00e9r\u00e8glement climatique<br><strong>=&gt;<\/strong> Empreinte carbone moyenne par habitant en France<br><strong>=&gt;<\/strong> 12 propositions pour d\u00e9carboner son quotidien<\/p>\n<\/div><\/div>\n\n\n\n<div class=\"wp-block-media-text alignwide is-stacked-on-mobile\" style=\"grid-template-columns:22% auto\"><figure class=\"wp-block-media-text__media\"><img loading=\"lazy\" decoding=\"async\" width=\"789\" height=\"771\" src=\"https:\/\/hoplatransition.org\/wp-content\/uploads\/2023\/11\/Etudiants.png\" alt=\"\" class=\"wp-image-2163 size-full\" srcset=\"https:\/\/hoplatransition.org\/wp-content\/uploads\/2023\/11\/Etudiants.png 789w, https:\/\/hoplatransition.org\/wp-content\/uploads\/2023\/11\/Etudiants-300x293.png 300w, https:\/\/hoplatransition.org\/wp-content\/uploads\/2023\/11\/Etudiants-768x750.png 768w\" sizes=\"auto, (max-width: 789px) 100vw, 789px\" \/><\/figure><div class=\"wp-block-media-text__content\">\n<p style=\"font-size:18px\">Conf\u00e9rence d\u00e9di\u00e9e aux (futurs) acteurs \u00e9conomiques :<br><strong>=&gt;<\/strong> Les risques syst\u00e9miques qui p\u00e8sent sur l&#8217;activit\u00e9 \u00e9conomique<br><strong>=&gt;<\/strong> Comptabilit\u00e9 carbone et principaux postes d&#8217;\u00e9mission<br><strong>=&gt;<\/strong> D\u00e9finir, comprendre et \u00e9viter le greenwashing<\/p>\n<\/div><\/div>\n\n\n\n<div class=\"wp-block-media-text alignwide is-stacked-on-mobile\" style=\"grid-template-columns:22% auto\"><figure class=\"wp-block-media-text__media\"><img loading=\"lazy\" decoding=\"async\" width=\"771\" height=\"771\" src=\"https:\/\/hoplatransition.org\/wp-content\/uploads\/2023\/11\/elus-locaux.png\" alt=\"\" class=\"wp-image-2165 size-full\" srcset=\"https:\/\/hoplatransition.org\/wp-content\/uploads\/2023\/11\/elus-locaux.png 771w, https:\/\/hoplatransition.org\/wp-content\/uploads\/2023\/11\/elus-locaux-300x300.png 300w, https:\/\/hoplatransition.org\/wp-content\/uploads\/2023\/11\/elus-locaux-150x150.png 150w, https:\/\/hoplatransition.org\/wp-content\/uploads\/2023\/11\/elus-locaux-768x768.png 768w\" sizes=\"auto, (max-width: 771px) 100vw, 771px\" \/><\/figure><div class=\"wp-block-media-text__content\">\n<p style=\"font-size:18px\">Conf\u00e9rence \u00e0 destination des d\u00e9cideurs politiques :<br><strong>=&gt;<\/strong> D\u00e9finir la r\u00e9silience du territoire face aux d\u00e9fis environnementaux<br><strong>=&gt;<\/strong> Adapter les formules gagnantes \u00e0 sa collectivit\u00e9<br><strong>=&gt;<\/strong> Embarquer l&#8217;adh\u00e9sion des citoyens au changement d\u00e9sirable<\/p>\n<\/div><\/div>\n\n\n\n<div class=\"wp-block-media-text alignwide is-stacked-on-mobile\" style=\"grid-template-columns:22% auto\"><figure class=\"wp-block-media-text__media\"><img loading=\"lazy\" decoding=\"async\" width=\"771\" height=\"771\" src=\"https:\/\/hoplatransition.org\/wp-content\/uploads\/2023\/11\/Lycees.png\" alt=\"\" class=\"wp-image-2166 size-full\" srcset=\"https:\/\/hoplatransition.org\/wp-content\/uploads\/2023\/11\/Lycees.png 771w, https:\/\/hoplatransition.org\/wp-content\/uploads\/2023\/11\/Lycees-300x300.png 300w, https:\/\/hoplatransition.org\/wp-content\/uploads\/2023\/11\/Lycees-150x150.png 150w, https:\/\/hoplatransition.org\/wp-content\/uploads\/2023\/11\/Lycees-768x768.png 768w\" sizes=\"auto, (max-width: 771px) 100vw, 771px\" \/><\/figure><div class=\"wp-block-media-text__content\">\n<p style=\"font-size:18px\">Conf\u00e9rence centr\u00e9e sur les ordres de grandeur des \u00e9nergies :<br><strong>=&gt;<\/strong> Les \u00e9nergies fossiles et les services qu&#8217;elles nous rendent<br><strong>=&gt;<\/strong> Le d\u00e9r\u00e8glement climatique d\u00fb \u00e0 leur utilisation<br><strong>=&gt;<\/strong> La rar\u00e9faction des ressources sur Terre<\/p>\n<\/div><\/div>\n\n\n\n<div class=\"wp-block-media-text alignwide is-stacked-on-mobile\" style=\"grid-template-columns:22% auto\"><figure class=\"wp-block-media-text__media\"><img loading=\"lazy\" decoding=\"async\" width=\"797\" height=\"771\" src=\"https:\/\/hoplatransition.org\/wp-content\/uploads\/2023\/11\/Conf-interactive.png\" alt=\"\" class=\"wp-image-2167 size-full\" srcset=\"https:\/\/hoplatransition.org\/wp-content\/uploads\/2023\/11\/Conf-interactive.png 797w, https:\/\/hoplatransition.org\/wp-content\/uploads\/2023\/11\/Conf-interactive-300x290.png 300w, https:\/\/hoplatransition.org\/wp-content\/uploads\/2023\/11\/Conf-interactive-768x743.png 768w\" sizes=\"auto, (max-width: 797px) 100vw, 797px\" \/><\/figure><div class=\"wp-block-media-text__content\">\n<p style=\"font-size:18px\">Conf\u00e9rence dynamique qui invite les participants \u00e0 interagir avec leur t\u00e9l\u00e9phone :<br><strong>=&gt;<\/strong> Tout ce qu&#8217;il faut savoir sur le CO<sub>2<\/sub> et ses effets<br><strong>=&gt;<\/strong> La part des \u00e9nergies fossiles dans le mix \u00e9nerg\u00e9tique mondial<br><strong>=&gt;<\/strong> Comment limiter le r\u00e9chauffement en r\u00e9duisant nos \u00e9missions<\/p>\n<\/div><\/div>\n\n\n\n<p>Les conf\u00e9rences ci-dessus sont donn\u00e9es en partenariat avec les cr\u00e9ateurs de ces outils &#8211; les <a rel=\"noreferrer noopener\" href=\"https:\/\/www.theshifters.org\/\" target=\"_blank\">Shifters<\/a>, les b\u00e9n\u00e9voles du <a rel=\"noreferrer noopener\" href=\"https:\/\/theshiftproject.org\/\" target=\"_blank\">Shift Project<\/a>.<\/p>\n","protected":false},"excerpt":{"rendered":"<p>Parcourez ci-dessous notre offre de conf\u00e9rences &#8220;standards&#8221;.Vous ne trouvez pas votre bonheur ? Demandez une conf\u00e9rence sur mesure ! Conf\u00e9rence centr\u00e9e sur les actions individuelles :=&gt; Les bases du d\u00e9r\u00e8glement climatique=&gt; Empreinte carbone moyenne par habitant en France=&gt; 12 propositions pour d\u00e9carboner son quotidien Conf\u00e9rence d\u00e9di\u00e9e aux (futurs) acteurs \u00e9conomiques :=&gt; Les risques syst\u00e9miques qui [&hellip;]<\/p>\n","protected":false},"author":1,"featured_media":0,"parent":0,"menu_order":0,"comment_status":"closed","ping_status":"closed","template":"","meta":{"_seopress_robots_primary_cat":"","_mc_calendar":[],"footnotes":""},"class_list":["post-81","page","type-page","status-publish","hentry"],"_links":{"self":[{"href":"https:\/\/hoplatransition.org\/index.php\/wp-json\/wp\/v2\/pages\/81","targetHints":{"allow":["GET"]}}],"collection":[{"href":"https:\/\/hoplatransition.org\/index.php\/wp-json\/wp\/v2\/pages"}],"about":[{"href":"https:\/\/hoplatransition.org\/index.php\/wp-json\/wp\/v2\/types\/page"}],"author":[{"embeddable":true,"href":"https:\/\/hoplatransition.org\/index.php\/wp-json\/wp\/v2\/users\/1"}],"replies":[{"embeddable":true,"href":"https:\/\/hoplatransition.org\/index.php\/wp-json\/wp\/v2\/comments?post=81"}],"version-history":[{"count":37,"href":"https:\/\/hoplatransition.org\/index.php\/wp-json\/wp\/v2\/pages\/81\/revisions"}],"predecessor-version":[{"id":2168,"href":"https:\/\/hoplatransition.org\/index.php\/wp-json\/wp\/v2\/pages\/81\/revisions\/2168"}],"wp:attachment":[{"href":"https:\/\/hoplatransition.org\/index.php\/wp-json\/wp\/v2\/media?parent=81"}],"curies":[{"name":"wp","href":"https:\/\/api.w.org\/{rel}","templated":true}]}}