{"id":78,"date":"2022-05-05T13:24:12","date_gmt":"2022-05-05T11:24:12","guid":{"rendered":"http:\/\/hoplatransition.org\/?page_id=78"},"modified":"2023-07-21T15:32:16","modified_gmt":"2023-07-21T13:32:16","slug":"my-co2","status":"publish","type":"page","link":"https:\/\/hoplatransition.org\/index.php\/my-co2\/","title":{"rendered":"MyCO2"},"content":{"rendered":"\n<div class=\"wp-block-media-text alignwide is-stacked-on-mobile\" style=\"grid-template-columns:54% auto\"><figure class=\"wp-block-media-text__media\"><img decoding=\"async\" src=\"http:\/\/hoplatransition.org\/wp-content\/uploads\/2022\/11\/MyCO2-1024x471.jpg\" alt=\"\" class=\"wp-image-676 size-full\"\/><\/figure><div class=\"wp-block-media-text__content\">\n<p class=\"has-medium-font-size\">Format: en ligne (6-100 personnes)<\/p>\n\n\n\n<p>Dur\u00e9e: 2h<\/p>\n\n\n\n<p>Comment conna\u00eetre l\u2019impact de son mode de vie sur le climat et l\u2019environnement&nbsp;? Cet atelier propose de calculer son empreinte carbone individuelle, puis de la comparer, entre autres, avec les moyennes nationales. Une phase de discussion invite ensuite les participants \u00e0 partager leur ressenti vis-\u00e0-vis des initiatives bas carbone d\u00e9j\u00e0 exp\u00e9riment\u00e9es. Il se conclut par un engagement, celui d\u2019entreprendre des actions concr\u00e8tes \u00e0 l\u2019impact carbone r\u00e9duit qui s\u2019alignent avec les accords de Paris. L&#8217;outil permet de visualiser tr\u00e8s simplement sa progression, il reste accessible apr\u00e8s l&#8217;atelier pour devenir un v\u00e9ritable outil d&#8217;aide \u00e0 la d\u00e9cision.<\/p>\n<\/div><\/div>\n","protected":false},"excerpt":{"rendered":"<p>Format: en ligne (6-100 personnes) Dur\u00e9e: 2h Comment conna\u00eetre l\u2019impact de son mode de vie sur le climat et l\u2019environnement&nbsp;? Cet atelier propose de calculer son empreinte carbone individuelle, puis de la comparer, entre autres, avec les moyennes nationales. Une phase de discussion invite ensuite les participants \u00e0 partager leur ressenti vis-\u00e0-vis des initiatives bas [&hellip;]<\/p>\n","protected":false},"author":1,"featured_media":0,"parent":0,"menu_order":0,"comment_status":"closed","ping_status":"closed","template":"","meta":{"_seopress_robots_primary_cat":"","_mc_calendar":[],"footnotes":""},"class_list":["post-78","page","type-page","status-publish","hentry"],"_links":{"self":[{"href":"https:\/\/hoplatransition.org\/index.php\/wp-json\/wp\/v2\/pages\/78","targetHints":{"allow":["GET"]}}],"collection":[{"href":"https:\/\/hoplatransition.org\/index.php\/wp-json\/wp\/v2\/pages"}],"about":[{"href":"https:\/\/hoplatransition.org\/index.php\/wp-json\/wp\/v2\/types\/page"}],"author":[{"embeddable":true,"href":"https:\/\/hoplatransition.org\/index.php\/wp-json\/wp\/v2\/users\/1"}],"replies":[{"embeddable":true,"href":"https:\/\/hoplatransition.org\/index.php\/wp-json\/wp\/v2\/comments?post=78"}],"version-history":[{"count":5,"href":"https:\/\/hoplatransition.org\/index.php\/wp-json\/wp\/v2\/pages\/78\/revisions"}],"predecessor-version":[{"id":1767,"href":"https:\/\/hoplatransition.org\/index.php\/wp-json\/wp\/v2\/pages\/78\/revisions\/1767"}],"wp:attachment":[{"href":"https:\/\/hoplatransition.org\/index.php\/wp-json\/wp\/v2\/media?parent=78"}],"curies":[{"name":"wp","href":"https:\/\/api.w.org\/{rel}","templated":true}]}}