{"id":75,"date":"2022-05-05T13:21:29","date_gmt":"2022-05-05T11:21:29","guid":{"rendered":"http:\/\/hoplatransition.org\/?page_id=75"},"modified":"2023-03-08T23:44:30","modified_gmt":"2023-03-08T22:44:30","slug":"inventons-nos-vies-bas-carbone","status":"publish","type":"page","link":"https:\/\/hoplatransition.org\/index.php\/inventons-nos-vies-bas-carbone\/","title":{"rendered":"Inventons nos vies bas carbone"},"content":{"rendered":"\n<div class=\"wp-block-media-text alignwide is-stacked-on-mobile\"><figure class=\"wp-block-media-text__media\"><img decoding=\"async\" src=\"http:\/\/hoplatransition.org\/wp-content\/uploads\/2022\/05\/nouveau_kit-INVBC-1024x768.jpg\" alt=\"\" class=\"wp-image-76 size-full\"\/><\/figure><div class=\"wp-block-media-text__content\">\n<p class=\"has-medium-font-size\">Format: atelier participatif (6-10 personnes)<\/p>\n\n\n\n<p>Dur\u00e9e: 2h<\/p>\n\n\n\n<p>\u00c0 l\u2019heure o\u00f9 il devient crucial de se projeter vers un monde neutre en carbone, cet atelier ludique propose \u00e0 ses participants d\u2019appr\u00e9hender tous les enjeux d\u2019une transition efficace. Dans un premier temps, il offre un aper\u00e7u de la situation actuelle en s\u2019appuyant sur des donn\u00e9es scientifiques produites par le GIEC (<em>Groupe d\u2019experts intergouvernemental sur l\u2019\u00e9volution du climat<\/em>). Puis, dans une deuxi\u00e8me partie, le co\u00fbt en CO2 de nos modes de vies individuels et collectifs sont pr\u00e9sent\u00e9s afin que les participants imaginent, \u00e0 l\u2019aide de cartes-solutions, une vie plus respectueuse de l\u2019environnement et de toutes ses composantes, et dont les \u00e9missions de gaz \u00e0 effet de serre seraient limit\u00e9es.<\/p>\n<\/div><\/div>\n","protected":false},"excerpt":{"rendered":"<p>Format: atelier participatif (6-10 personnes) Dur\u00e9e: 2h \u00c0 l\u2019heure o\u00f9 il devient crucial de se projeter vers un monde neutre en carbone, cet atelier ludique propose \u00e0 ses participants d\u2019appr\u00e9hender tous les enjeux d\u2019une transition efficace. Dans un premier temps, il offre un aper\u00e7u de la situation actuelle en s\u2019appuyant sur des donn\u00e9es scientifiques produites [&hellip;]<\/p>\n","protected":false},"author":1,"featured_media":0,"parent":0,"menu_order":0,"comment_status":"closed","ping_status":"closed","template":"","meta":{"_seopress_robots_primary_cat":"","_mc_calendar":[],"footnotes":""},"class_list":["post-75","page","type-page","status-publish","hentry"],"_links":{"self":[{"href":"https:\/\/hoplatransition.org\/index.php\/wp-json\/wp\/v2\/pages\/75","targetHints":{"allow":["GET"]}}],"collection":[{"href":"https:\/\/hoplatransition.org\/index.php\/wp-json\/wp\/v2\/pages"}],"about":[{"href":"https:\/\/hoplatransition.org\/index.php\/wp-json\/wp\/v2\/types\/page"}],"author":[{"embeddable":true,"href":"https:\/\/hoplatransition.org\/index.php\/wp-json\/wp\/v2\/users\/1"}],"replies":[{"embeddable":true,"href":"https:\/\/hoplatransition.org\/index.php\/wp-json\/wp\/v2\/comments?post=75"}],"version-history":[{"count":2,"href":"https:\/\/hoplatransition.org\/index.php\/wp-json\/wp\/v2\/pages\/75\/revisions"}],"predecessor-version":[{"id":380,"href":"https:\/\/hoplatransition.org\/index.php\/wp-json\/wp\/v2\/pages\/75\/revisions\/380"}],"wp:attachment":[{"href":"https:\/\/hoplatransition.org\/index.php\/wp-json\/wp\/v2\/media?parent=75"}],"curies":[{"name":"wp","href":"https:\/\/api.w.org\/{rel}","templated":true}]}}