{"id":72,"date":"2022-05-05T13:17:36","date_gmt":"2022-05-05T11:17:36","guid":{"rendered":"http:\/\/hoplatransition.org\/?page_id=72"},"modified":"2023-06-14T20:01:14","modified_gmt":"2023-06-14T18:01:14","slug":"ogre","status":"publish","type":"page","link":"https:\/\/hoplatransition.org\/index.php\/ogre\/","title":{"rendered":"OGRE (ordre de grandeur des \u00e9nergies)"},"content":{"rendered":"\n<div class=\"wp-block-media-text alignwide is-stacked-on-mobile\"><figure class=\"wp-block-media-text__media\"><img loading=\"lazy\" decoding=\"async\" width=\"909\" height=\"529\" src=\"http:\/\/hoplatransition.org\/wp-content\/uploads\/2022\/05\/ogre3.png\" alt=\"\" class=\"wp-image-73 size-full\" srcset=\"https:\/\/hoplatransition.org\/wp-content\/uploads\/2022\/05\/ogre3.png 909w, https:\/\/hoplatransition.org\/wp-content\/uploads\/2022\/05\/ogre3-300x175.png 300w, https:\/\/hoplatransition.org\/wp-content\/uploads\/2022\/05\/ogre3-768x447.png 768w\" sizes=\"auto, (max-width: 909px) 100vw, 909px\" \/><\/figure><div class=\"wp-block-media-text__content\">\n<p class=\"has-medium-font-size\">Format: jeu collaboratif (6-10 personnes)<\/p>\n\n\n\n<p>Dur\u00e9e: 2h30-3h<\/p>\n\n\n\n<p>La transition s\u2019accompagne de nombreuses questions. Peut-on se passer des \u00e9nergies fossiles\u00a0? Quelle part les \u00e9nergies renouvelables occupent-elles sur le r\u00e9seau\u00a0? \u00c0 quoi correspond 1 kWh\u00a0? Cet atelier s&#8217;att\u00e8le \u00e0 y r\u00e9pondre en offrant aux participants les outils pour mieux comprendre la th\u00e9matique de l\u2019\u00e9nergie. R\u00e9partis en \u00e9quipe, les joueurs sont amen\u00e9s \u00e0 \u00e9quilibrer la production d\u2019\u00e9nergie carbon\u00e9e avec leurs besoins, en d\u00e9finissant un mix \u00e9lectrique renouvelable, par exemple. Une exp\u00e9rience qui apporte un \u00e9clairage sur les actions \u00e0 entreprendre pour progresser vers un monde plus durable \u00e9nerg\u00e9tiquement.<\/p>\n<\/div><\/div>\n","protected":false},"excerpt":{"rendered":"<p>Format: jeu collaboratif (6-10 personnes) Dur\u00e9e: 2h30-3h La transition s\u2019accompagne de nombreuses questions. Peut-on se passer des \u00e9nergies fossiles\u00a0? Quelle part les \u00e9nergies renouvelables occupent-elles sur le r\u00e9seau\u00a0? \u00c0 quoi correspond 1 kWh\u00a0? Cet atelier s&#8217;att\u00e8le \u00e0 y r\u00e9pondre en offrant aux participants les outils pour mieux comprendre la th\u00e9matique de l\u2019\u00e9nergie. R\u00e9partis en \u00e9quipe, [&hellip;]<\/p>\n","protected":false},"author":1,"featured_media":0,"parent":0,"menu_order":0,"comment_status":"closed","ping_status":"closed","template":"","meta":{"_seopress_robots_primary_cat":"","_mc_calendar":[],"footnotes":""},"class_list":["post-72","page","type-page","status-publish","hentry"],"_links":{"self":[{"href":"https:\/\/hoplatransition.org\/index.php\/wp-json\/wp\/v2\/pages\/72","targetHints":{"allow":["GET"]}}],"collection":[{"href":"https:\/\/hoplatransition.org\/index.php\/wp-json\/wp\/v2\/pages"}],"about":[{"href":"https:\/\/hoplatransition.org\/index.php\/wp-json\/wp\/v2\/types\/page"}],"author":[{"embeddable":true,"href":"https:\/\/hoplatransition.org\/index.php\/wp-json\/wp\/v2\/users\/1"}],"replies":[{"embeddable":true,"href":"https:\/\/hoplatransition.org\/index.php\/wp-json\/wp\/v2\/comments?post=72"}],"version-history":[{"count":3,"href":"https:\/\/hoplatransition.org\/index.php\/wp-json\/wp\/v2\/pages\/72\/revisions"}],"predecessor-version":[{"id":1582,"href":"https:\/\/hoplatransition.org\/index.php\/wp-json\/wp\/v2\/pages\/72\/revisions\/1582"}],"wp:attachment":[{"href":"https:\/\/hoplatransition.org\/index.php\/wp-json\/wp\/v2\/media?parent=72"}],"curies":[{"name":"wp","href":"https:\/\/api.w.org\/{rel}","templated":true}]}}