{"id":575,"date":"2022-11-28T20:47:50","date_gmt":"2022-11-28T19:47:50","guid":{"rendered":"http:\/\/hoplatransition.org\/?page_id=575"},"modified":"2026-04-10T18:58:04","modified_gmt":"2026-04-10T16:58:04","slug":"prochaines-rencontres","status":"publish","type":"page","link":"https:\/\/hoplatransition.org\/index.php\/prochaines-rencontres\/","title":{"rendered":"Nos prochaines rencontres"},"content":{"rendered":"\n<figure class=\"wp-block-image size-large\"><img loading=\"lazy\" decoding=\"async\" width=\"1024\" height=\"237\" src=\"https:\/\/hoplatransition.org\/wp-content\/uploads\/2024\/03\/image-1024x237.png\" alt=\"\" class=\"wp-image-2306\" srcset=\"https:\/\/hoplatransition.org\/wp-content\/uploads\/2024\/03\/image-1024x237.png 1024w, https:\/\/hoplatransition.org\/wp-content\/uploads\/2024\/03\/image-300x69.png 300w, https:\/\/hoplatransition.org\/wp-content\/uploads\/2024\/03\/image-768x178.png 768w, https:\/\/hoplatransition.org\/wp-content\/uploads\/2024\/03\/image.png 1222w\" sizes=\"auto, (max-width: 1024px) 100vw, 1024px\" \/><\/figure>\n\n\n\n<h2 class=\"wp-block-heading has-text-align-center\" style=\"font-size:20px\"><strong>EN LIGNE, EN PR\u00c9SENTIEL, EN SOIR\u00c9E, VOUS TROUVEREZ SUR CETTE PAGE TOUS LES MOYENS DE VENIR A NOTRE RENCONTRE !<\/strong><\/h2>\n\n\n\n<div style=\"height:25px\" aria-hidden=\"true\" class=\"wp-block-spacer\"><\/div>\n\n\n\n<div class=\"wp-block-buttons is-content-justification-center is-layout-flex wp-container-core-buttons-is-layout-16018d1d wp-block-buttons-is-layout-flex\">\n<div class=\"wp-block-button\"><a class=\"wp-block-button__link wp-element-button\" href=\"https:\/\/hoplatransition.org\/index.php\/nos-antennes-locales\/\" style=\"border-radius:0px\">Je contacte l&#8217;antenne locale la plus proche<\/a><\/div>\n<\/div>\n\n\n\n<hr class=\"wp-block-separator has-alpha-channel-opacity\"\/>\n\n\n\n<h2 class=\"wp-block-heading has-text-align-center\" style=\"font-size:24px;text-transform:uppercase\">EN PR\u00c9SENTIEL : <strong>Ap\u00e9roS, R<strong>\u00e9<\/strong>UNIONS OU AUTRES SOIR<strong>\u00e9<\/strong>ES <\/strong><\/h2>\n\n\n\n<p>Nous organisons r\u00e9guli\u00e8rement des rencontres informels dans toutes nos antennes locales. C&#8217;est l&#8217;occasion d&#8217;\u00e9changer avec les personnes pr\u00e9sentes : membres de l&#8217;asso, sympathisants, responsables de groupes de travail, membres du bureau, &#8230; Il y a souvent un espace d\u00e9di\u00e9 \u00e0 l&#8217;accueil des nouveaux arrivants !<\/p>\n\n\n\n<p>Soyez certains de ne pas rater les prochaines dates <a href=\"http:\/\/hoplatransition.org\/index.php\/nos-antennes-locales\/\">en vous rapprochant de votre antenne locale<\/a> <\/p>\n\n\n\n<p>ou sur le canal t\u00e9legram <a href=\"https:\/\/t.me\/hltalsace\">Hop la transition Alsace<\/a><\/p>\n\n\n\n<div class=\"wp-block-media-text is-stacked-on-mobile is-style-default\" style=\"grid-template-columns:41% auto\"><figure class=\"wp-block-media-text__media\"><img loading=\"lazy\" decoding=\"async\" width=\"1024\" height=\"712\" src=\"http:\/\/hoplatransition.org\/wp-content\/uploads\/2026\/02\/Cafe-Joyeux-Strasbourg-1024x712.jpg\" alt=\"\" class=\"wp-image-3279 size-full\" srcset=\"https:\/\/hoplatransition.org\/wp-content\/uploads\/2026\/02\/Cafe-Joyeux-Strasbourg-1024x712.jpg 1024w, https:\/\/hoplatransition.org\/wp-content\/uploads\/2026\/02\/Cafe-Joyeux-Strasbourg-300x209.jpg 300w, https:\/\/hoplatransition.org\/wp-content\/uploads\/2026\/02\/Cafe-Joyeux-Strasbourg-768x534.jpg 768w, https:\/\/hoplatransition.org\/wp-content\/uploads\/2026\/02\/Cafe-Joyeux-Strasbourg.jpg 1206w\" sizes=\"auto, (max-width: 1024px) 100vw, 1024px\" \/><\/figure><div class=\"wp-block-media-text__content\">\n<p><\/p>\n\n\n\n<p class=\"has-text-align-center has-medium-font-size\"><strong>VIVE L&#8217;ASSEMBLEE G\u00c9N\u00c9RALE ! <\/strong><\/p>\n\n\n\n<p class=\"has-text-align-center has-medium-font-size\"><strong><strong>Venez nombreux !! <\/strong><\/strong><\/p>\n\n\n\n<p class=\"has-text-align-center has-medium-font-size\"><strong>Mercredi 8 avril 2026 \u00e0 19h <\/strong><\/p>\n\n\n\n<p class=\"has-text-align-center has-medium-font-size\">chez Caf\u00e9 Joyeux <em>(42, Grand&#8217;rue)<\/em><\/p>\n\n\n\n<div style=\"height:28px\" aria-hidden=\"true\" class=\"wp-block-spacer\"><\/div>\n\n\n\n<p class=\"has-text-align-center\">Quoi de mieux qu&#8217;un lieu <strong>JOYEUX et ENGAG\u00c9<\/strong> pour c\u00e9l\u00e9brer notre AG ?!<\/p>\n\n\n\n<p class=\"has-text-align-center\"><em><strong>L&#8217;Assembl\u00e9e G\u00e9n\u00e9rale<\/strong> permet <strong>de voter le nouveau bureau et de valider les comptes de l&#8217;association<\/strong>. C&#8217;est surtout l&#8217;occasion pour tous ses membres de se r\u00e9unir et d&#8217;<strong>\u00e9changer sur les actions pass\u00e9es et les projets \u00e0 venir.<\/strong>&nbsp;<\/em><\/p>\n\n\n\n<p class=\"has-text-align-center\">L&#8217;AG est ouverte \u00e0 tous, mais <strong>seuls les membres de l&#8217;association \u00e0 jour de leur cotisation pourront voter<\/strong>. Si vous souhaitez voter, pensez \u00e0 adh\u00e9rer !&nbsp;<\/p>\n\n\n\n<p class=\"has-text-align-center\">Venez, on vous concocte une soir\u00e9e pleine de d\u00e9couvertes (nouveaux positionnement associatif &amp; identit\u00e9 visuelle, future strat\u00e9gie de communication&#8230;)! <\/p>\n\n\n\n<p class=\"has-text-align-center\">La soir\u00e9e se poursuivra par un temps de convivialit\u00e9 sous forme d&#8217;un cocktail d\u00eenatoire, concoct\u00e9 par une joyeuse \u00e9quipe !<\/p>\n\n\n\n<div class=\"wp-block-buttons is-content-justification-center is-layout-flex wp-container-core-buttons-is-layout-16018d1d wp-block-buttons-is-layout-flex\">\n<div class=\"wp-block-button has-custom-width wp-block-button__width-50 is-style-fill\"><a class=\"wp-block-button__link wp-element-button\" href=\"https:\/\/www.helloasso.com\/associations\/hop-la-transition\/evenements\/ag-hop-la-transition-2026\" style=\"border-radius:0px\" target=\"_blank\" rel=\"noreferrer noopener\">Je m&#8217;inscris<\/a><\/div>\n<\/div>\n\n\n\n<p><\/p>\n\n\n\n<div class=\"wp-block-buttons is-content-justification-center is-layout-flex wp-container-core-buttons-is-layout-16018d1d wp-block-buttons-is-layout-flex\">\n<div class=\"wp-block-button has-custom-width wp-block-button__width-50 is-style-fill\"><a class=\"wp-block-button__link wp-element-button\" href=\"https:\/\/www.helloasso.com\/associations\/hop-la-transition\/adhesions\/adhesion-2026\" style=\"border-radius:0px\" target=\"_blank\" rel=\"noreferrer noopener\">J&#8217;adh\u00e8re en 2026<\/a><\/div>\n<\/div>\n<\/div><\/div>\n\n\n\n<hr class=\"wp-block-separator has-alpha-channel-opacity\"\/>\n\n\n\n<h2 class=\"wp-block-heading has-text-align-center\" style=\"font-size:24px\">EN LIGNE : <strong>R\u00c9UNION DE PR\u00c9SENTATION DE L&#8217;ASSOCIATION<\/strong><\/h2>\n\n\n\n<p>Des visios sont r\u00e9guli\u00e8rement organis\u00e9es pour pr\u00e9senter notre association aux curieux et nouveaux arrivants. Si vous vous souhaitez vous engager \u00e0 nos c\u00f4t\u00e9s, sans savoir par o\u00f9 commencer, connectez-vous ! Si vous avez une question sur la structure de l&#8217;association, ses objectifs ou ses moyens, c&#8217;est l&#8217;occasion de venir la poser !<\/p>\n\n\n\n<div class=\"wp-block-media-text is-stacked-on-mobile\" style=\"grid-template-columns:28% auto\"><figure class=\"wp-block-media-text__media\"><img loading=\"lazy\" decoding=\"async\" width=\"683\" height=\"1024\" src=\"https:\/\/hoplatransition.org\/wp-content\/uploads\/2024\/01\/Hop-laccueil-683x1024.png\" alt=\"\" class=\"wp-image-2221 size-full\" srcset=\"https:\/\/hoplatransition.org\/wp-content\/uploads\/2024\/01\/Hop-laccueil-683x1024.png 683w, https:\/\/hoplatransition.org\/wp-content\/uploads\/2024\/01\/Hop-laccueil-200x300.png 200w, https:\/\/hoplatransition.org\/wp-content\/uploads\/2024\/01\/Hop-laccueil-768x1152.png 768w, https:\/\/hoplatransition.org\/wp-content\/uploads\/2024\/01\/Hop-laccueil-1024x1536.png 1024w, https:\/\/hoplatransition.org\/wp-content\/uploads\/2024\/01\/Hop-laccueil-1365x2048.png 1365w, https:\/\/hoplatransition.org\/wp-content\/uploads\/2024\/01\/Hop-laccueil.png 1512w\" sizes=\"auto, (max-width: 683px) 100vw, 683px\" \/><\/figure><div class=\"wp-block-media-text__content\">\n<p><\/p>\n\n\n\n<p class=\"has-text-align-center has-medium-font-size\"><mark><strong>ACCUEIL HOP LA TRANSITION<\/strong><\/mark><\/p>\n\n\n\n<p class=\"has-text-align-center has-medium-font-size\"><strong>En ligne<\/strong><\/p>\n\n\n\n<p class=\"has-text-align-center has-medium-font-size\"><strong>Contactez Adrien, l&#8217;un des co-pr\u00e9sidents, qui vous proposera un rendez-vous !<\/strong><\/p>\n\n\n\n<div class=\"wp-block-buttons is-content-justification-center is-layout-flex wp-container-core-buttons-is-layout-16018d1d wp-block-buttons-is-layout-flex\">\n<div class=\"wp-block-button has-custom-width wp-block-button__width-75 is-style-fill\"><a class=\"wp-block-button__link has-medium-font-size has-custom-font-size wp-element-button\" style=\"border-radius:0px\">adrien@hoplatransition.org<\/a><\/div>\n<\/div>\n<\/div><\/div>\n\n\n\n<hr class=\"wp-block-separator has-alpha-channel-opacity\"\/>\n\n\n\n<div class=\"wp-block-group\"><div class=\"wp-block-group__inner-container is-layout-constrained wp-block-group-is-layout-constrained\">\n<h2 class=\"wp-block-heading has-text-align-center\" style=\"font-size:24px\">EN IMAGES : <strong>LES TEMPS FORTS DE NOTRE JOURN\u00c9E AU VERT 2025 <\/strong><\/h2>\n\n\n<div class=\"wp-block-image\">\n<figure class=\"aligncenter size-large is-resized\"><img loading=\"lazy\" decoding=\"async\" width=\"1024\" height=\"576\" src=\"https:\/\/hoplatransition.org\/wp-content\/uploads\/2025\/11\/20251018_152946-1-1024x576.jpg\" alt=\"\" class=\"wp-image-3211\" style=\"width:629px;height:auto\" srcset=\"https:\/\/hoplatransition.org\/wp-content\/uploads\/2025\/11\/20251018_152946-1-1024x576.jpg 1024w, https:\/\/hoplatransition.org\/wp-content\/uploads\/2025\/11\/20251018_152946-1-300x169.jpg 300w, https:\/\/hoplatransition.org\/wp-content\/uploads\/2025\/11\/20251018_152946-1-768x432.jpg 768w, https:\/\/hoplatransition.org\/wp-content\/uploads\/2025\/11\/20251018_152946-1-1536x864.jpg 1536w, https:\/\/hoplatransition.org\/wp-content\/uploads\/2025\/11\/20251018_152946-1-2048x1152.jpg 2048w\" sizes=\"auto, (max-width: 1024px) 100vw, 1024px\" \/><\/figure>\n<\/div>\n\n\n<p><strong>Cr\u00e9er du lien \u00e9tant essentiel pour l\u2019association, la&nbsp;\ud83c\udf33Journ\u00e9e Au Vert&nbsp;\ud83c\udf33annuelle permet de se retrouver et de se reconnecter ensemble.<\/strong><\/p>\n\n\n\n<p>Cette ann\u00e9e encore, les membres se sont r\u00e9unis au tiers-lieu S&#8217;fawrekla \u00e0 Breitenbach-Haut-Rhin, un lieu appr\u00e9ci\u00e9 lors de l\u2019\u00e9dition pr\u00e9c\u00e9dente.<\/p>\n\n\n\n<p>Apr\u00e8s un accueil ludique, les co-pr\u00e9sidents ont partag\u00e9 les r\u00e9flexions actuelles du bureau autour du positionnement de l\u2019association.<\/p>\n\n\n\n<p>Nous avons d\u00e9cid\u00e9 de concentrer nos \u00e9nergies sur les collectivit\u00e9s dans la perspective des municipales de 2026. Dans ce cadre, nous avons approfondi quatre th\u00e9matiques cl\u00e9s : formations, outils, prospection et id\u00e9es innovantes.<\/p>\n\n\n\n<p>Un d\u00e9jeuner convivial a permis d\u2019\u00e9changer autour des nouveaux supports de nos stands, du catalogue d\u2019animations junior destin\u00e9 \u00e0 l\u2019enseignement et de d\u00e9couvrir la &#8220;toile des mobilit\u00e9s&#8221;<\/p>\n\n\n\n<p>Une balade dans l\u2019environnement local a ensuite favoris\u00e9 des \u00e9changes informels et l\u2019\u00e9merveillement devant les paysages automnaux. Nous retiendrons de cette journ\u00e9e le soleil \u2600\ufe0f, le fromage \ud83e\uddc0, le plaisir de se voir en vrai et de construire ensemble (vive l&#8217;intelligence collective!) \ud83d\ude00 : un vrai coup de boost qui nous porte dans nos prochaines actions!<\/p>\n\n\n\n<p><\/p>\n\n\n<div class=\"wp-block-image\">\n<figure class=\"aligncenter size-large\"><img loading=\"lazy\" decoding=\"async\" width=\"682\" height=\"1024\" src=\"https:\/\/hoplatransition.org\/wp-content\/uploads\/2025\/11\/Montage-photo-JAV-2025-682x1024.png\" alt=\"\" class=\"wp-image-3210\" srcset=\"https:\/\/hoplatransition.org\/wp-content\/uploads\/2025\/11\/Montage-photo-JAV-2025-682x1024.png 682w, https:\/\/hoplatransition.org\/wp-content\/uploads\/2025\/11\/Montage-photo-JAV-2025-200x300.png 200w, https:\/\/hoplatransition.org\/wp-content\/uploads\/2025\/11\/Montage-photo-JAV-2025-768x1152.png 768w, https:\/\/hoplatransition.org\/wp-content\/uploads\/2025\/11\/Montage-photo-JAV-2025-1024x1536.png 1024w, https:\/\/hoplatransition.org\/wp-content\/uploads\/2025\/11\/Montage-photo-JAV-2025.png 1333w\" sizes=\"auto, (max-width: 682px) 100vw, 682px\" \/><\/figure>\n<\/div><\/div><\/div>\n\n\n\n<div style=\"height:100px\" aria-hidden=\"true\" class=\"wp-block-spacer\"><\/div>\n\n\n\n<h2 class=\"wp-block-heading has-text-align-center\" style=\"font-size:24px;text-transform:uppercase\">EN IMAGES : <strong>NOTRE ag 2025 QUI A EU LIEU LE 23 AVRIL DERNIER !<\/strong><\/h2>\n\n\n\n<figure class=\"wp-block-image size-large\"><img loading=\"lazy\" decoding=\"async\" width=\"1024\" height=\"819\" src=\"https:\/\/hoplatransition.org\/wp-content\/uploads\/2025\/05\/Montage-photo-AG-HLT-23-04-2025-3-1024x819.png\" alt=\"\" class=\"wp-image-3032\" srcset=\"https:\/\/hoplatransition.org\/wp-content\/uploads\/2025\/05\/Montage-photo-AG-HLT-23-04-2025-3-1024x819.png 1024w, https:\/\/hoplatransition.org\/wp-content\/uploads\/2025\/05\/Montage-photo-AG-HLT-23-04-2025-3-300x240.png 300w, https:\/\/hoplatransition.org\/wp-content\/uploads\/2025\/05\/Montage-photo-AG-HLT-23-04-2025-3-768x614.png 768w, https:\/\/hoplatransition.org\/wp-content\/uploads\/2025\/05\/Montage-photo-AG-HLT-23-04-2025-3-1536x1229.png 1536w, https:\/\/hoplatransition.org\/wp-content\/uploads\/2025\/05\/Montage-photo-AG-HLT-23-04-2025-3.png 2000w\" sizes=\"auto, (max-width: 1024px) 100vw, 1024px\" \/><\/figure>\n\n\n\n<p>Retour sur l\u2019AG 2025 d\u2019<a href=\"https:\/\/www.linkedin.com\/company\/hop-la-transition\/\">Hop La Transition<\/a><br><br>\ud83c\udfa5 Coup d\u2019oeil sur l\u2019ann\u00e9e pass\u00e9e, pour c\u00e9l\u00e9brer, entre autres :<br>&#8211; notre pr\u00e9sence sur des dizaines d\u2019\u00e9v\u00e9nements en Alsace<br>&#8211; une communaut\u00e9 grandissante avec + de 140 anim\u2019 en Alsace, capables d\u2019animer + de 35 ateliers diff\u00e9rents<br>&#8211; une dizaine d\u2019antennes locales sur tout le territoire<br>&#8211; des milliers de personnes sensibilis\u00e9es, dans des contextes grand public, enseignement, entreprises\u2026<br>&#8211; plusieurs partenariats (<a href=\"https:\/\/www.linkedin.com\/company\/compagnie-facteurs-communs\/\">Compagnie Facteurs Communs<\/a>, <a href=\"https:\/\/www.linkedin.com\/company\/citiz-grand-est\/\">Citiz, dans le Grand Est<\/a>, <a href=\"https:\/\/www.linkedin.com\/company\/coopalimstrasbourg\/\">Coopalim Strasbourg<\/a>, <a href=\"https:\/\/www.linkedin.com\/company\/agence-du-climat-le-guichet-des-solutions\/\">Agence du climat, le guichet des solutions<\/a>, &#8230;)<br>&#8211; l\u2019avanc\u00e9e de nos diff\u00e9rents groupes de travail<br>&#8211; un r\u00e9sultat financier positif<br><br>\ud83c\udfaf Des regards tourn\u00e9s vers le futur, avec notamment :<br>&#8211; une refonte de notre identit\u00e9 visuelle, avec l\u2019aide de <a href=\"https:\/\/www.linkedin.com\/in\/ACoAACkQLLoB4it6s1W3RbE3B16m5oO_e4lZLQg\"><\/a><a href=\"https:\/\/www.linkedin.com\/in\/gwen-caron-b62877172\/\">Gwen Caron<\/a><br>&#8211; une red\u00e9finition de notre vision, raison d\u2019\u00eatre, mission, valeurs et ambition !<br>&#8211; un d\u00e9veloppement plus fort de l\u2019ancrage r\u00e9gional\/local<br>&#8211; l\u2019am\u00e9lioration de la qualit\u00e9 de nos stands<br>&#8211; un programme de formation \u00e0 destination de nos adh\u00e9rents<br>&#8211; un collectif Pro visible et efficace<br>&#8211; un \u00e9v\u00e9nement sp\u00e9cial le 3 juin d\u00e9di\u00e9 aux m\u00e9dias locaux et le traitement m\u00e9diatique des enjeux environnementaux<br>&#8211; une journ\u00e9e au Vert le 18 octobre pour un nouveau moment collectif<br><br>\ud83e\udef6\ud83c\udffb Et surtout les deux pieds ancr\u00e9s dans le pr\u00e9sent pour profiter de ce moment de partage et de convivialit\u00e9 \u00e0 la <a href=\"https:\/\/www.linkedin.com\/company\/maison-des-associations-de-strasbourg\/\">Maison des associations de Strasbourg<\/a>.<br><br>Merci \u00e0 <a href=\"https:\/\/www.linkedin.com\/company\/coopalimstrasbourg\/\">Coopalim Strasbourg<\/a> et <a href=\"https:\/\/www.linkedin.com\/company\/la-cuisine-de-demain\/\">LA CUISINE DE DEMAIN<\/a> pour le buffet !<br><br>Merci \u00e0 <a href=\"https:\/\/www.linkedin.com\/in\/ACoAAA5OATMBF4HBZR5ckvJQUqcy5NcaZhwqXmM\"><\/a><a href=\"https:\/\/www.linkedin.com\/in\/yoann-tresy-b0345868\/\">Yoann Tresy<\/a> pour son engagement au sein du bureau de l\u2019association et l\u2019\u00e9nergie d\u00e9ploy\u00e9e pour qu\u2019Hop la Transition voit le jour.<br><br>Merci aux membres pr\u00e9sents, une trentaine de sourires, motiv\u00e9s pour coop\u00e9rer ensemble.<\/p>\n\n\n\n<hr class=\"wp-block-separator has-alpha-channel-opacity\"\/>\n\n\n\n<div style=\"height:36px\" aria-hidden=\"true\" class=\"wp-block-spacer\"><\/div>\n\n\n\n<figure class=\"wp-block-gallery has-nested-images columns-default is-cropped wp-block-gallery-1 is-layout-flex wp-block-gallery-is-layout-flex\">\n<figure class=\"wp-block-image size-large\"><img loading=\"lazy\" decoding=\"async\" width=\"576\" height=\"1024\" data-id=\"1232\" src=\"http:\/\/hoplatransition.org\/wp-content\/uploads\/2023\/03\/photo_2022-09-26_15-10-48-576x1024.jpg\" alt=\"\" class=\"wp-image-1232\" srcset=\"https:\/\/hoplatransition.org\/wp-content\/uploads\/2023\/03\/photo_2022-09-26_15-10-48-576x1024.jpg 576w, https:\/\/hoplatransition.org\/wp-content\/uploads\/2023\/03\/photo_2022-09-26_15-10-48-169x300.jpg 169w, https:\/\/hoplatransition.org\/wp-content\/uploads\/2023\/03\/photo_2022-09-26_15-10-48.jpg 720w\" sizes=\"auto, (max-width: 576px) 100vw, 576px\" \/><\/figure>\n\n\n\n<figure class=\"wp-block-image size-large\"><img loading=\"lazy\" decoding=\"async\" width=\"1024\" height=\"576\" data-id=\"1230\" src=\"http:\/\/hoplatransition.org\/wp-content\/uploads\/2023\/03\/photo_2022-04-22_10-44-21-1024x576.jpg\" alt=\"\" class=\"wp-image-1230\" srcset=\"https:\/\/hoplatransition.org\/wp-content\/uploads\/2023\/03\/photo_2022-04-22_10-44-21-1024x576.jpg 1024w, https:\/\/hoplatransition.org\/wp-content\/uploads\/2023\/03\/photo_2022-04-22_10-44-21-300x169.jpg 300w, https:\/\/hoplatransition.org\/wp-content\/uploads\/2023\/03\/photo_2022-04-22_10-44-21-768x432.jpg 768w, https:\/\/hoplatransition.org\/wp-content\/uploads\/2023\/03\/photo_2022-04-22_10-44-21.jpg 1280w\" sizes=\"auto, (max-width: 1024px) 100vw, 1024px\" \/><\/figure>\n\n\n\n<figure class=\"wp-block-image size-large\"><img loading=\"lazy\" decoding=\"async\" width=\"1024\" height=\"768\" data-id=\"1221\" src=\"http:\/\/hoplatransition.org\/wp-content\/uploads\/2023\/03\/280883697_577139157166976_2902186151704050118_n-1024x768.jpg\" alt=\"\" class=\"wp-image-1221\" srcset=\"https:\/\/hoplatransition.org\/wp-content\/uploads\/2023\/03\/280883697_577139157166976_2902186151704050118_n-1024x768.jpg 1024w, https:\/\/hoplatransition.org\/wp-content\/uploads\/2023\/03\/280883697_577139157166976_2902186151704050118_n-300x225.jpg 300w, https:\/\/hoplatransition.org\/wp-content\/uploads\/2023\/03\/280883697_577139157166976_2902186151704050118_n-768x576.jpg 768w, https:\/\/hoplatransition.org\/wp-content\/uploads\/2023\/03\/280883697_577139157166976_2902186151704050118_n-1536x1152.jpg 1536w, https:\/\/hoplatransition.org\/wp-content\/uploads\/2023\/03\/280883697_577139157166976_2902186151704050118_n-2048x1536.jpg 2048w\" sizes=\"auto, (max-width: 1024px) 100vw, 1024px\" \/><\/figure>\n<\/figure>\n","protected":false},"excerpt":{"rendered":"<p>EN LIGNE, EN PR\u00c9SENTIEL, EN SOIR\u00c9E, VOUS TROUVEREZ SUR CETTE PAGE TOUS LES MOYENS DE VENIR A NOTRE RENCONTRE ! EN PR\u00c9SENTIEL : Ap\u00e9roS, R\u00e9UNIONS OU AUTRES SOIR\u00e9ES Nous organisons r\u00e9guli\u00e8rement des rencontres informels dans toutes nos antennes locales. C&#8217;est l&#8217;occasion d&#8217;\u00e9changer avec les personnes pr\u00e9sentes : membres de l&#8217;asso, sympathisants, responsables de groupes de [&hellip;]<\/p>\n","protected":false},"author":1,"featured_media":0,"parent":0,"menu_order":0,"comment_status":"closed","ping_status":"closed","template":"","meta":{"_seopress_robots_primary_cat":"","_mc_calendar":[],"footnotes":""},"class_list":["post-575","page","type-page","status-publish","hentry"],"_links":{"self":[{"href":"https:\/\/hoplatransition.org\/index.php\/wp-json\/wp\/v2\/pages\/575","targetHints":{"allow":["GET"]}}],"collection":[{"href":"https:\/\/hoplatransition.org\/index.php\/wp-json\/wp\/v2\/pages"}],"about":[{"href":"https:\/\/hoplatransition.org\/index.php\/wp-json\/wp\/v2\/types\/page"}],"author":[{"embeddable":true,"href":"https:\/\/hoplatransition.org\/index.php\/wp-json\/wp\/v2\/users\/1"}],"replies":[{"embeddable":true,"href":"https:\/\/hoplatransition.org\/index.php\/wp-json\/wp\/v2\/comments?post=575"}],"version-history":[{"count":230,"href":"https:\/\/hoplatransition.org\/index.php\/wp-json\/wp\/v2\/pages\/575\/revisions"}],"predecessor-version":[{"id":3347,"href":"https:\/\/hoplatransition.org\/index.php\/wp-json\/wp\/v2\/pages\/575\/revisions\/3347"}],"wp:attachment":[{"href":"https:\/\/hoplatransition.org\/index.php\/wp-json\/wp\/v2\/media?parent=575"}],"curies":[{"name":"wp","href":"https:\/\/api.w.org\/{rel}","templated":true}]}}