{"id":450,"date":"2022-11-09T23:17:18","date_gmt":"2022-11-09T22:17:18","guid":{"rendered":"http:\/\/hoplatransition.org\/?page_id=450"},"modified":"2025-11-20T10:39:45","modified_gmt":"2025-11-20T09:39:45","slug":"nos-antennes-locales","status":"publish","type":"page","link":"https:\/\/hoplatransition.org\/index.php\/nos-antennes-locales\/","title":{"rendered":"Nos antennes locales"},"content":{"rendered":"\n<p>Pour rejoindre la communaut\u00e9 globale Hop&#8217;la, <a href=\"https:\/\/t.me\/hltalsace\">cela se passe sur Telegram<\/a>. Vous pouvez aussi contacter ou rejoindre les groupes de communication de nos antennes locales en cliquant sur les liens ci-dessous :<\/p>\n\n\n\n<div class=\"wp-block-columns are-vertically-aligned-top has-small-font-size is-layout-flex wp-container-core-columns-is-layout-9d6595d7 wp-block-columns-is-layout-flex\">\n<div class=\"wp-block-column is-vertically-aligned-top is-layout-flow wp-block-column-is-layout-flow\">\n<h2 class=\"wp-block-heading\"><strong>Alsace du Nord<\/strong><\/h2>\n\n\n\n<p>R\u00e9f\u00e9rent.e : Olivier Corb\u00e9 et Anne Jung<\/p>\n\n\n\n<p><a href=\"mailto:haguenau@hoplatransition.org\" target=\"_blank\" rel=\"noreferrer noopener\">haguenau@hoplatransition.org<\/a><\/p>\n\n\n\n<p><a href=\"https:\/\/t.me\/+nPYLYR1HDao0OTA0\">Rejoindre la boucle Telegram<\/a><\/p>\n\n\n\n<hr class=\"wp-block-separator has-alpha-channel-opacity\"\/>\n\n\n\n<h2 class=\"wp-block-heading\"><strong>Colmar<\/strong><\/h2>\n\n\n\n<p>R\u00e9f\u00e9rent.e : Evelyne Blatz<\/p>\n\n\n\n<p><a href=\"mailto:colmar@hoplatransition.org\" target=\"_blank\" rel=\"noreferrer noopener\">colmar@hoplatransition.org<\/a><a href=\"mailto:haguenau@hoplatransition.org\"><\/a><\/p>\n\n\n\n<p><a href=\"https:\/\/t.me\/+X1fa_8U__ZE1Mzdk\" target=\"_blank\" rel=\"noreferrer noopener\">Rejoindre la boucle Telegram<\/a><\/p>\n\n\n\n<hr class=\"wp-block-separator has-alpha-channel-opacity\"\/>\n\n\n\n<h2 class=\"wp-block-heading\"><strong>Erstein<\/strong><\/h2>\n\n\n\n<p>R\u00e9f\u00e9rent.e : Murielle Kappler et Claude Apffel<\/p>\n\n\n\n<p><a href=\"mailto:erstein@hoplatransition.org\" target=\"_blank\" rel=\"noreferrer noopener\">erstein@hoplatransition.org<\/a><\/p>\n\n\n\n<p><a href=\"https:\/\/t.me\/+B3HfhaXHYzpiZDQ0\">Rejoindre la boucle Telegram<\/a><\/p>\n\n\n\n<hr class=\"wp-block-separator has-alpha-channel-opacity\"\/>\n\n\n\n<h2 class=\"wp-block-heading\"><strong>Grand Ballon<\/strong><\/h2>\n\n\n\n<p>R\u00e9f\u00e9rent.e : Isabelle Lett<\/p>\n\n\n\n<p><a href=\"mailto:haguenau@hoplatransition.org\">grandballon@hoplatransition.org<\/a><\/p>\n\n\n\n<p><a href=\"https:\/\/t.me\/+lMHwS-kg38RhOTA0\">Rejoindre la boucle Telegram<\/a><\/p>\n\n\n\n<hr class=\"wp-block-separator has-alpha-channel-opacity\"\/>\n\n\n\n<h2 class=\"wp-block-heading\"><strong>Mulhouse<\/strong><\/h2>\n\n\n\n<p>R\u00e9f\u00e9rent.e : Virginie Mondi\u00e8re<\/p>\n\n\n\n<p><a href=\"mailto:mulhouse@hoplatransition.org\" target=\"_blank\" rel=\"noreferrer noopener\">mulhouse@hoplatransition.org<\/a><\/p>\n\n\n\n<p><a href=\"https:\/\/t.me\/+eHal_wiV3YQzNGZk\">Rejoindre la boucle Telegram<\/a><\/p>\n\n\n\n<hr class=\"wp-block-separator has-alpha-channel-opacity\"\/>\n\n\n\n<h2 class=\"wp-block-heading\"><strong>Pi\u00e9mont (Molsheim &#8211; Obernai)<\/strong><\/h2>\n\n\n\n<p>R\u00e9f\u00e9rent.e : Marie-Laure Rocquet<\/p>\n\n\n\n<p><a href=\"mailto:piemont@hoplatransition.org\">piemont@hoplatransition.org<\/a><\/p>\n\n\n\n<p><a href=\"mailto:piemont@hoplatransition.org?subject=Ajout%20au%20groupe%20WhatsApp&amp;body=Bonjour,%0D%0A%0D%0AJe%20souhaiterais%20que%20vous%20ajoutiez%20le%20num\u00e9ro%20de%20t\u00e9l\u00e9phone%20suivant%20au%20groupe%20WhatsApp%20du%20Pi\u00e9mont%20:%20+33.X.XX.XX.XX.XX%0D%0A%0D%0AMerci%20beaucoup%20!%0D%0A%7bPr\u00e9nom%7d%20%7bNom%7d\">Rejoindre la boucle WhatsApp<\/a><\/p>\n\n\n\n<hr class=\"wp-block-separator has-alpha-channel-opacity\"\/>\n<\/div>\n\n\n\n<div class=\"wp-block-column is-layout-flow wp-block-column-is-layout-flow\">\n<h2 class=\"wp-block-heading\"><strong>Saverne<\/strong><\/h2>\n\n\n\n<p>R\u00e9f\u00e9rent.e : Christian Morel<\/p>\n\n\n\n<p><a href=\"mailto:saverne@hoplatransition.org\" target=\"_blank\" rel=\"noreferrer noopener\">saverne@hoplatransition.org<\/a><\/p>\n\n\n\n<p><a href=\"https:\/\/t.me\/+hn0dCyutsPZhOTM0\">Rejoindre la boucle Telegram<\/a><\/p>\n\n\n\n<hr class=\"wp-block-separator has-alpha-channel-opacity\"\/>\n\n\n\n<h2 class=\"wp-block-heading\"><strong>Schirmeck<\/strong><\/h2>\n\n\n\n<p>R\u00e9f\u00e9rent.e : On recrute ! En attendant, le Pi\u00e9mont prend le relai !<\/p>\n\n\n\n<p><a href=\"mailto:piemont@hoplatransition.org\" target=\"_blank\" rel=\"noreferrer noopener\">piemont@hoplatransition.org<\/a><\/p>\n\n\n\n<p><a href=\"https:\/\/t.me\/+kcVbx6G8MQ44NzI0\">Rejoindre la boucle Telegram<\/a><\/p>\n\n\n\n<hr class=\"wp-block-separator has-alpha-channel-opacity\"\/>\n\n\n\n<h2 class=\"wp-block-heading\"><strong>Centre Alsace<\/strong><\/h2>\n\n\n\n<p>R\u00e9f\u00e9rent.e : Julien Delfosse<\/p>\n\n\n\n<p><a href=\"mailto:selestat@hoplatransition.org\">selestat@hoplatransition.org<\/a><\/p>\n\n\n\n<p><a href=\"https:\/\/t.me\/+3OP1MSoliyoxYWU0\">Rejoindre la boucle Telegram<\/a><\/p>\n\n\n\n<hr class=\"wp-block-separator has-alpha-channel-opacity\"\/>\n\n\n\n<h2 class=\"wp-block-heading\"><strong>Saint-Louis<\/strong><\/h2>\n\n\n\n<p>R\u00e9f\u00e9rent.e : On recrute ! En attendant, Mulhouse prend le relai !<\/p>\n\n\n\n<p><a href=\"mailto:saint-louis@hoplatransition.org\">mulhouse@hoplatransition.org<\/a><\/p>\n\n\n\n<p><a href=\"https:\/\/t.me\/+YGGfkFwAbe03MzFk\">Rejoindre la boucle Telegram<\/a><\/p>\n\n\n\n<hr class=\"wp-block-separator has-alpha-channel-opacity\"\/>\n\n\n\n<h2 class=\"wp-block-heading\"><strong>Strasbourg \/ Eurom\u00e9tropole<\/strong><\/h2>\n\n\n\n<p>R\u00e9f\u00e9rent.e : Ludovic Grassl<\/p>\n\n\n\n<p><a href=\"mailto:strasbourg@hoplatransition.org\">strasbourg@hoplatransition.org<\/a><\/p>\n\n\n\n<p><a href=\"https:\/\/t.me\/+JFnAEXlH7xViMWU0\">Rejoindre la boucle Telegram<\/a><\/p>\n\n\n\n<hr class=\"wp-block-separator has-alpha-channel-opacity\"\/>\n<\/div>\n<\/div>\n","protected":false},"excerpt":{"rendered":"<p>Pour rejoindre la communaut\u00e9 globale Hop&#8217;la, cela se passe sur Telegram. Vous pouvez aussi contacter ou rejoindre les groupes de communication de nos antennes locales en cliquant sur les liens ci-dessous : Alsace du Nord R\u00e9f\u00e9rent.e : Olivier Corb\u00e9 et Anne Jung haguenau@hoplatransition.org Rejoindre la boucle Telegram Colmar R\u00e9f\u00e9rent.e : Evelyne Blatz colmar@hoplatransition.org Rejoindre la [&hellip;]<\/p>\n","protected":false},"author":1,"featured_media":2355,"parent":0,"menu_order":0,"comment_status":"closed","ping_status":"closed","template":"","meta":{"_seopress_robots_primary_cat":"","_mc_calendar":[],"footnotes":""},"class_list":["post-450","page","type-page","status-publish","has-post-thumbnail","hentry"],"_links":{"self":[{"href":"https:\/\/hoplatransition.org\/index.php\/wp-json\/wp\/v2\/pages\/450","targetHints":{"allow":["GET"]}}],"collection":[{"href":"https:\/\/hoplatransition.org\/index.php\/wp-json\/wp\/v2\/pages"}],"about":[{"href":"https:\/\/hoplatransition.org\/index.php\/wp-json\/wp\/v2\/types\/page"}],"author":[{"embeddable":true,"href":"https:\/\/hoplatransition.org\/index.php\/wp-json\/wp\/v2\/users\/1"}],"replies":[{"embeddable":true,"href":"https:\/\/hoplatransition.org\/index.php\/wp-json\/wp\/v2\/comments?post=450"}],"version-history":[{"count":32,"href":"https:\/\/hoplatransition.org\/index.php\/wp-json\/wp\/v2\/pages\/450\/revisions"}],"predecessor-version":[{"id":3191,"href":"https:\/\/hoplatransition.org\/index.php\/wp-json\/wp\/v2\/pages\/450\/revisions\/3191"}],"wp:featuredmedia":[{"embeddable":true,"href":"https:\/\/hoplatransition.org\/index.php\/wp-json\/wp\/v2\/media\/2355"}],"wp:attachment":[{"href":"https:\/\/hoplatransition.org\/index.php\/wp-json\/wp\/v2\/media?parent=450"}],"curies":[{"name":"wp","href":"https:\/\/api.w.org\/{rel}","templated":true}]}}