{"id":3062,"date":"2025-06-24T14:48:53","date_gmt":"2025-06-24T12:48:53","guid":{"rendered":"https:\/\/hoplatransition.org\/?page_id=3062"},"modified":"2025-11-12T17:35:49","modified_gmt":"2025-11-12T16:35:49","slug":"nous-soutenir","status":"publish","type":"page","link":"https:\/\/hoplatransition.org\/index.php\/nous-soutenir\/","title":{"rendered":"Nous soutenir"},"content":{"rendered":"\n<h2 class=\"wp-block-heading\">MERCI A NOS MECENES ! <\/h2>\n\n\n\n<figure class=\"wp-block-image size-full\"><img loading=\"lazy\" decoding=\"async\" width=\"784\" height=\"510\" src=\"https:\/\/hoplatransition.org\/wp-content\/uploads\/2025\/11\/nos-mecenes-1.png\" alt=\"\" class=\"wp-image-3186\" srcset=\"https:\/\/hoplatransition.org\/wp-content\/uploads\/2025\/11\/nos-mecenes-1.png 784w, https:\/\/hoplatransition.org\/wp-content\/uploads\/2025\/11\/nos-mecenes-1-300x195.png 300w, https:\/\/hoplatransition.org\/wp-content\/uploads\/2025\/11\/nos-mecenes-1-768x500.png 768w\" sizes=\"auto, (max-width: 784px) 100vw, 784px\" \/><\/figure>\n\n\n\n<p class=\"has-medium-font-size\">Un immense merci pour la confiance qu\u2019ils nous accordent et pour le soutien qu\u2019ils nous t\u00e9moignent. Leur aide est pr\u00e9cieuse pour faire avancer notre projet associatif.<\/p>\n\n\n\n<div style=\"height:100px\" aria-hidden=\"true\" class=\"wp-block-spacer\"><\/div>\n\n\n\n<h2 class=\"wp-block-heading\">ET VOUS ? <\/h2>\n\n\n\n<p class=\"has-medium-font-size\">Vous souhaitez devenir m\u00e9c\u00e8ne ? <\/p>\n\n\n\n<p>Vous souhaitez contribuer \u00e0 l\u2019essor d\u2019une jeune association qui part \u00e0 la rencontre des 1,9 M d\u2019Alsaciennes et d\u2019Alsaciens pour les aider \u00e0 comprendre les enjeux socio-environnementaux et leur donner envie d\u2019agir ?<br>Donnez une empreinte positive \u00e0 vos engagements : soutenez-nous&nbsp;!!<\/p>\n\n\n\n<div class=\"wp-block-media-text alignwide is-stacked-on-mobile\" style=\"grid-template-columns:40% auto\"><figure class=\"wp-block-media-text__media\"><img loading=\"lazy\" decoding=\"async\" width=\"1001\" height=\"358\" src=\"http:\/\/hoplatransition.org\/wp-content\/uploads\/2025\/06\/Bouton-mecene-2.png\" alt=\"\" class=\"wp-image-3075 size-full\" srcset=\"https:\/\/hoplatransition.org\/wp-content\/uploads\/2025\/06\/Bouton-mecene-2.png 1001w, https:\/\/hoplatransition.org\/wp-content\/uploads\/2025\/06\/Bouton-mecene-2-300x107.png 300w, https:\/\/hoplatransition.org\/wp-content\/uploads\/2025\/06\/Bouton-mecene-2-768x275.png 768w\" sizes=\"auto, (max-width: 1001px) 100vw, 1001px\" \/><\/figure><div class=\"wp-block-media-text__content\">\n<p class=\"has-text-align-center has-medium-font-size\">Contactez-nous par email :  tresorerie@hoplatransition.org<\/p>\n<\/div><\/div>\n\n\n\n<div style=\"height:100px\" aria-hidden=\"true\" class=\"wp-block-spacer\"><\/div>\n\n\n\n<h2 class=\"wp-block-heading\">LE SAVIEZ-VOUS ?<\/h2>\n\n\n\n<p class=\"has-medium-font-size\"><strong>Notre association a \u00e9t\u00e9 reconnue d&#8217;int\u00e9r\u00eat g\u00e9n\u00e9ral en 2024<\/strong><\/p>\n\n\n\n<p>Ce statut met en avant notre activit\u00e9 qui concourt \u00e0 la d\u00e9fense de notre environnement.<br>En s\u2019appuyant sur ce statut, Hop\u2019La Transition peut ainsi collecter des dons aupr\u00e8s de particuliers, d&#8217;entreprises et d&#8217;organisations priv\u00e9es dans le cadre du m\u00e9c\u00e9nat fiscal.<\/p>\n\n\n\n<p>Les dons sont d\u00e9fiscalis\u00e9s \u00e0 hauteur de 66% du montant du don pour les particuliers et de 60% professionnels (via l\u2019\u00e9mission d\u2019un re\u00e7u fiscal).<br>Les avantages fiscaux s\u2019appliquent \u00e9galement pour les dons en nature et le m\u00e9c\u00e9nat de comp\u00e9tence.<\/p>\n\n\n\n<p>Des particuliers nous accompagnent \u00e9galement r\u00e9guli\u00e8rement par leurs dons. Nous les remercions chaleureusement de leur soutien. Vous aussi, vous souhaitez nous soutenir ? <\/p>\n\n\n\n<div class=\"wp-block-media-text alignwide is-stacked-on-mobile\" style=\"grid-template-columns:41% auto\"><figure class=\"wp-block-media-text__media\"><a href=\"https:\/\/www.helloasso.com\/associations\/hop-la-transition\/formulaires\/1\"><img loading=\"lazy\" decoding=\"async\" width=\"1000\" height=\"357\" src=\"https:\/\/hoplatransition.org\/wp-content\/uploads\/2025\/06\/Bouton-donateur-1.png\" alt=\"\" class=\"wp-image-3076 size-full\" srcset=\"https:\/\/hoplatransition.org\/wp-content\/uploads\/2025\/06\/Bouton-donateur-1.png 1000w, https:\/\/hoplatransition.org\/wp-content\/uploads\/2025\/06\/Bouton-donateur-1-300x107.png 300w, https:\/\/hoplatransition.org\/wp-content\/uploads\/2025\/06\/Bouton-donateur-1-768x274.png 768w\" sizes=\"auto, (max-width: 1000px) 100vw, 1000px\" \/><\/a><\/figure><div class=\"wp-block-media-text__content\">\n<p class=\"has-text-align-center has-medium-font-size\">Faites votre don en ligne <\/p>\n\n\n\n<p class=\"has-text-align-center has-medium-font-size\">(formulaire disponible en cliquant sur l&#8217;image)<\/p>\n<\/div><\/div>\n\n\n\n<div class=\"wp-block-columns is-layout-flex wp-container-core-columns-is-layout-9d6595d7 wp-block-columns-is-layout-flex\">\n<div class=\"wp-block-column is-layout-flow wp-block-column-is-layout-flow\"><\/div>\n<\/div>\n\n\n\n<p><\/p>\n","protected":false},"excerpt":{"rendered":"<p>MERCI A NOS MECENES ! Un immense merci pour la confiance qu\u2019ils nous accordent et pour le soutien qu\u2019ils nous t\u00e9moignent. Leur aide est pr\u00e9cieuse pour faire avancer notre projet associatif. ET VOUS ? Vous souhaitez devenir m\u00e9c\u00e8ne ? Vous souhaitez contribuer \u00e0 l\u2019essor d\u2019une jeune association qui part \u00e0 la rencontre des 1,9 M [&hellip;]<\/p>\n","protected":false},"author":1,"featured_media":0,"parent":0,"menu_order":0,"comment_status":"closed","ping_status":"closed","template":"","meta":{"_seopress_robots_primary_cat":"","_mc_calendar":[],"footnotes":""},"class_list":["post-3062","page","type-page","status-publish","hentry"],"_links":{"self":[{"href":"https:\/\/hoplatransition.org\/index.php\/wp-json\/wp\/v2\/pages\/3062","targetHints":{"allow":["GET"]}}],"collection":[{"href":"https:\/\/hoplatransition.org\/index.php\/wp-json\/wp\/v2\/pages"}],"about":[{"href":"https:\/\/hoplatransition.org\/index.php\/wp-json\/wp\/v2\/types\/page"}],"author":[{"embeddable":true,"href":"https:\/\/hoplatransition.org\/index.php\/wp-json\/wp\/v2\/users\/1"}],"replies":[{"embeddable":true,"href":"https:\/\/hoplatransition.org\/index.php\/wp-json\/wp\/v2\/comments?post=3062"}],"version-history":[{"count":13,"href":"https:\/\/hoplatransition.org\/index.php\/wp-json\/wp\/v2\/pages\/3062\/revisions"}],"predecessor-version":[{"id":3188,"href":"https:\/\/hoplatransition.org\/index.php\/wp-json\/wp\/v2\/pages\/3062\/revisions\/3188"}],"wp:attachment":[{"href":"https:\/\/hoplatransition.org\/index.php\/wp-json\/wp\/v2\/media?parent=3062"}],"curies":[{"name":"wp","href":"https:\/\/api.w.org\/{rel}","templated":true}]}}