{"id":2560,"date":"2024-07-15T12:58:58","date_gmt":"2024-07-15T10:58:58","guid":{"rendered":"https:\/\/hoplatransition.org\/?page_id=2560"},"modified":"2024-07-16T13:26:24","modified_gmt":"2024-07-16T11:26:24","slug":"puzzle-climat","status":"publish","type":"page","link":"https:\/\/hoplatransition.org\/index.php\/puzzle-climat\/","title":{"rendered":"Puzzle Climat"},"content":{"rendered":"\n<div class=\"wp-block-media-text alignwide is-stacked-on-mobile\"><figure class=\"wp-block-media-text__media\"><img loading=\"lazy\" decoding=\"async\" width=\"549\" height=\"320\" src=\"http:\/\/hoplatransition.org\/wp-content\/uploads\/2024\/07\/Capture-decran-2024-07-16-132247-e1721129028630.png\" alt=\"\" class=\"wp-image-2572 size-full\" srcset=\"https:\/\/hoplatransition.org\/wp-content\/uploads\/2024\/07\/Capture-decran-2024-07-16-132247-e1721129028630.png 549w, https:\/\/hoplatransition.org\/wp-content\/uploads\/2024\/07\/Capture-decran-2024-07-16-132247-e1721129028630-300x175.png 300w\" sizes=\"auto, (max-width: 549px) 100vw, 549px\" \/><\/figure><div class=\"wp-block-media-text__content\">\n<p class=\"has-medium-font-size\">Format : Jeu de plateau<\/p>\n\n\n\n<p>Dur\u00e9e: 2h30<\/p>\n\n\n\n<p>Nombre de joueurs : 2 \u00e0 4 joueurs par plateau<\/p>\n\n\n\n<p>Un atelier pour diviser par 2 votre empreinte<br>carbone en 5 ans sans revenir \u00e0 la lampe \u00e0 huile !<\/p>\n\n\n\n<p>Le Puzzle Climat (Puzzle des Solutions Individuelles Climat) est un<br>\u201cserious game\u201d interactif, v\u00e9ritable jeu de plateau, qui permet de<br>comprendre les ordres de grandeur carbone et les actions ayant le<br>plus d\u2019impact positif. <\/p>\n\n\n\n<p>En \u00e9quipe, les joueur\u00b7se\u22c5s d\u00e9couvrent les actions les plus<br>efficaces \u201cpar o\u00f9 commencer\u201d, et identifient aussi les<br>fausses bonnes id\u00e9es !<\/p>\n\n\n\n<p>Bon \u00e0 savoir : Tous les calculs sont bas\u00e9s sur des sources de r\u00e9f\u00e9rence, par exemple : ADEME, Carbone 4, INSEE<\/p>\n<\/div><\/div>\n","protected":false},"excerpt":{"rendered":"<p>Format : Jeu de plateau Dur\u00e9e: 2h30 Nombre de joueurs : 2 \u00e0 4 joueurs par plateau Un atelier pour diviser par 2 votre empreintecarbone en 5 ans sans revenir \u00e0 la lampe \u00e0 huile ! Le Puzzle Climat (Puzzle des Solutions Individuelles Climat) est un\u201cserious game\u201d interactif, v\u00e9ritable jeu de plateau, qui permet decomprendre [&hellip;]<\/p>\n","protected":false},"author":1,"featured_media":0,"parent":0,"menu_order":0,"comment_status":"closed","ping_status":"closed","template":"","meta":{"_seopress_robots_primary_cat":"","_mc_calendar":[],"footnotes":""},"class_list":["post-2560","page","type-page","status-publish","hentry"],"_links":{"self":[{"href":"https:\/\/hoplatransition.org\/index.php\/wp-json\/wp\/v2\/pages\/2560","targetHints":{"allow":["GET"]}}],"collection":[{"href":"https:\/\/hoplatransition.org\/index.php\/wp-json\/wp\/v2\/pages"}],"about":[{"href":"https:\/\/hoplatransition.org\/index.php\/wp-json\/wp\/v2\/types\/page"}],"author":[{"embeddable":true,"href":"https:\/\/hoplatransition.org\/index.php\/wp-json\/wp\/v2\/users\/1"}],"replies":[{"embeddable":true,"href":"https:\/\/hoplatransition.org\/index.php\/wp-json\/wp\/v2\/comments?post=2560"}],"version-history":[{"count":2,"href":"https:\/\/hoplatransition.org\/index.php\/wp-json\/wp\/v2\/pages\/2560\/revisions"}],"predecessor-version":[{"id":2576,"href":"https:\/\/hoplatransition.org\/index.php\/wp-json\/wp\/v2\/pages\/2560\/revisions\/2576"}],"wp:attachment":[{"href":"https:\/\/hoplatransition.org\/index.php\/wp-json\/wp\/v2\/media?parent=2560"}],"curies":[{"name":"wp","href":"https:\/\/api.w.org\/{rel}","templated":true}]}}