{"id":2427,"date":"2024-04-26T11:14:04","date_gmt":"2024-04-26T09:14:04","guid":{"rendered":"https:\/\/hoplatransition.org\/?page_id=2427"},"modified":"2025-02-17T10:05:47","modified_gmt":"2025-02-17T09:05:47","slug":"nos-formations","status":"publish","type":"page","link":"https:\/\/hoplatransition.org\/index.php\/nos-formations\/","title":{"rendered":"Nos formations"},"content":{"rendered":"\n<p class=\"has-text-align-left has-medium-font-size\"><strong>L&#8217;objectif principal est de contribuer \u00e0 la mont\u00e9e en connaissances et en comp\u00e9tences<\/strong><\/p>\n\n\n\n<p class=\"has-text-align-left has-medium-font-size\">Nous proposons des formations \u00e0 l&#8217;animation de divers ateliers que nous animons d\u00e9j\u00e0.  Consultez les dates des &#8220;<a href=\"https:\/\/hoplatransition.org\/index.php\/nos-prochaines-formations\/\" target=\"_blank\" rel=\"noreferrer noopener\">Prochaines formations<\/a>&#8221; ou <a href=\"https:\/\/hoplatransition.org\/index.php\/nos-animations-sur-mesure\/\" target=\"_blank\" rel=\"noreferrer noopener\">contactez-nous<\/a> si vous avez des besoins sp\u00e9cifiques. <\/p>\n\n\n\n<p class=\"has-text-align-left has-medium-font-size\">Nous souhaitons \u00e9galement proposer des formations sur des th\u00e9matiques sp\u00e9cifiques. La premi\u00e8re que nous vous proposons est la suivante : <\/p>\n\n\n\n<div style=\"height:37px\" aria-hidden=\"true\" class=\"wp-block-spacer\"><\/div>\n\n\n\n<div class=\"wp-block-media-text alignwide is-stacked-on-mobile\"><figure class=\"wp-block-media-text__media\"><img loading=\"lazy\" decoding=\"async\" width=\"600\" height=\"400\" src=\"http:\/\/hoplatransition.org\/wp-content\/uploads\/2024\/01\/Calcul.jpeg\" alt=\"\" class=\"wp-image-2244 size-full\" srcset=\"https:\/\/hoplatransition.org\/wp-content\/uploads\/2024\/01\/Calcul.jpeg 600w, https:\/\/hoplatransition.org\/wp-content\/uploads\/2024\/01\/Calcul-300x200.jpeg 300w\" sizes=\"auto, (max-width: 600px) 100vw, 600px\" \/><\/figure><div class=\"wp-block-media-text__content\">\n<p class=\"has-text-align-center has-medium-font-size\"><strong>Initiation \u00e0 la m\u00e9thode Bilan Carbone<\/strong><\/p>\n\n\n\n<p class=\"has-medium-font-size\"><strong>L&#8217;objectif<\/strong> : apprendre les bases de la comptabilit\u00e9 carbone dans cette formation de 2 \u00e0 3 heures bas\u00e9e sur les travaux conjoints de Avenir Climatique et de l&#8217;Association pour la transition Bas Carbone. Organis\u00e9s en petits groupes de 2 \u00e0 4 personnes, vous serez charg\u00e9s de calculer les \u00e9missions de gaz \u00e0 effet de serre de personnages fictifs.<\/p>\n\n\n\n<p>Cette formation est non certifiante et ne remplace pas celle dispens\u00e9e par l&#8217;Institut Fran\u00e7ais du Carbone. Elle s&#8217;av\u00e9rera cependant suffisante pour celles et ceux qui souhaitent avoir un aper\u00e7u de la m\u00e9thode bilan carbone et souhaitent r\u00e9aliser des bilans de gaz \u00e0 effet de serre pour leurs projets personnels.<\/p>\n\n\n\n<p>Bon \u00e0 savoir : des sessions sont r\u00e9guli\u00e8rement organis\u00e9es en ligne. Pour cela, rendez-vous sur la page de <a href=\"https:\/\/apprendre.theshifters.org\/\">formation interne des Shifters<\/a> (cotisation \u00e0 partir de 1\u20ac pour les soutenir).<\/p>\n<\/div><\/div>\n\n\n\n<div style=\"height:50px\" aria-hidden=\"true\" class=\"wp-block-spacer\"><\/div>\n\n\n\n<div class=\"wp-block-media-text is-stacked-on-mobile\"><figure class=\"wp-block-media-text__media\"><img loading=\"lazy\" decoding=\"async\" width=\"1024\" height=\"484\" src=\"https:\/\/hoplatransition.org\/wp-content\/uploads\/2025\/02\/logo-Catch-Climat-site-HLT-1024x484.png\" alt=\"\" class=\"wp-image-2884 size-full\" srcset=\"https:\/\/hoplatransition.org\/wp-content\/uploads\/2025\/02\/logo-Catch-Climat-site-HLT-1024x484.png 1024w, https:\/\/hoplatransition.org\/wp-content\/uploads\/2025\/02\/logo-Catch-Climat-site-HLT-300x142.png 300w, https:\/\/hoplatransition.org\/wp-content\/uploads\/2025\/02\/logo-Catch-Climat-site-HLT-768x363.png 768w, https:\/\/hoplatransition.org\/wp-content\/uploads\/2025\/02\/logo-Catch-Climat-site-HLT-1536x726.png 1536w, https:\/\/hoplatransition.org\/wp-content\/uploads\/2025\/02\/logo-Catch-Climat-site-HLT-2048x969.png 2048w\" sizes=\"auto, (max-width: 1024px) 100vw, 1024px\" \/><\/figure><div class=\"wp-block-media-text__content\">\n<p class=\"has-medium-font-size\"><strong>Formation \u00e0 l&#8217;argumentaire environnemental : le Catch Climat !<\/strong><\/p>\n\n\n\n<p class=\"has-medium-font-size\"><strong>L&#8217;objectif <\/strong>: mettre au d\u00e9fi ses connaissances sur le climat, son discours et sa rh\u00e9torique.<\/p>\n\n\n\n<p>Avez-vous d\u00e9j\u00e0 fait face \u00e0 des questions auxquelles vous aviez du mal \u00e0 r\u00e9pondre ? \u00c0 des id\u00e9es ou des arguments oppos\u00e9s \u00e0 l&#8217;objectif de d\u00e9carbonation de la soci\u00e9t\u00e9 ? Alors cette formation est faite pour vous.<\/p>\n\n\n\n<p>Possibilit\u00e9 d&#8217;animer le Catch Climat de fa\u00e7on plus d\u00e9contract\u00e9e. C&#8217;est par exemple le cas lors de certains ap\u00e9ros organis\u00e9s par Hop&#8217;la Transition o\u00f9 la formation est mise \u00e0 l&#8217;honneur sous forme de jeu.<\/p>\n<\/div><\/div>\n","protected":false},"excerpt":{"rendered":"<p>L&#8217;objectif principal est de contribuer \u00e0 la mont\u00e9e en connaissances et en comp\u00e9tences Nous proposons des formations \u00e0 l&#8217;animation de divers ateliers que nous animons d\u00e9j\u00e0. Consultez les dates des &#8220;Prochaines formations&#8221; ou contactez-nous si vous avez des besoins sp\u00e9cifiques. Nous souhaitons \u00e9galement proposer des formations sur des th\u00e9matiques sp\u00e9cifiques. La premi\u00e8re que nous vous [&hellip;]<\/p>\n","protected":false},"author":1,"featured_media":0,"parent":0,"menu_order":0,"comment_status":"closed","ping_status":"closed","template":"","meta":{"_seopress_robots_primary_cat":"","_mc_calendar":[],"footnotes":""},"class_list":["post-2427","page","type-page","status-publish","hentry"],"_links":{"self":[{"href":"https:\/\/hoplatransition.org\/index.php\/wp-json\/wp\/v2\/pages\/2427","targetHints":{"allow":["GET"]}}],"collection":[{"href":"https:\/\/hoplatransition.org\/index.php\/wp-json\/wp\/v2\/pages"}],"about":[{"href":"https:\/\/hoplatransition.org\/index.php\/wp-json\/wp\/v2\/types\/page"}],"author":[{"embeddable":true,"href":"https:\/\/hoplatransition.org\/index.php\/wp-json\/wp\/v2\/users\/1"}],"replies":[{"embeddable":true,"href":"https:\/\/hoplatransition.org\/index.php\/wp-json\/wp\/v2\/comments?post=2427"}],"version-history":[{"count":9,"href":"https:\/\/hoplatransition.org\/index.php\/wp-json\/wp\/v2\/pages\/2427\/revisions"}],"predecessor-version":[{"id":2890,"href":"https:\/\/hoplatransition.org\/index.php\/wp-json\/wp\/v2\/pages\/2427\/revisions\/2890"}],"wp:attachment":[{"href":"https:\/\/hoplatransition.org\/index.php\/wp-json\/wp\/v2\/media?parent=2427"}],"curies":[{"name":"wp","href":"https:\/\/api.w.org\/{rel}","templated":true}]}}