{"id":236,"date":"2022-07-18T13:13:53","date_gmt":"2022-07-18T11:13:53","guid":{"rendered":"http:\/\/hoplatransition.org\/?page_id=236"},"modified":"2025-01-08T11:32:32","modified_gmt":"2025-01-08T10:32:32","slug":"nos-animations-sur-mesure","status":"publish","type":"page","link":"https:\/\/hoplatransition.org\/index.php\/nos-animations-sur-mesure\/","title":{"rendered":"Nos animations sur mesure"},"content":{"rendered":"\n<p>Particuliers, entreprises, associations, collectivit\u00e9s locales et services de l&#8217;Etat, \u00e9tablissements d&#8217;enseignement primaire, secondaire ou sup\u00e9rieur&#8230; Nous sommes \u00e0 votre \u00e9coute pour vous proposer un \u00e9v\u00e8nement \u00e0 la mesure de vos ambitions. <\/p>\n\n\n\n<div class=\"wp-block-buttons is-content-justification-center is-layout-flex wp-container-core-buttons-is-layout-16018d1d wp-block-buttons-is-layout-flex\">\n<div class=\"wp-block-button\"><a class=\"wp-block-button__link has-text-align-center wp-element-button\" href=\"http:\/\/hoplatransition.org\/index.php\/nous-contacter\/\">Contactez-nous ! <\/a><\/div>\n<\/div>\n\n\n\n<figure class=\"wp-block-gallery has-nested-images columns-default is-cropped wp-block-gallery-1 is-layout-flex wp-block-gallery-is-layout-flex\">\n<figure class=\"wp-block-image size-large\"><img loading=\"lazy\" decoding=\"async\" width=\"1024\" height=\"768\" data-id=\"286\" src=\"https:\/\/hoplatransition.org\/wp-content\/uploads\/2022\/08\/Photo-25-04-2022-16-37-24-1024x768.jpg\" alt=\"\" class=\"wp-image-286\" srcset=\"https:\/\/hoplatransition.org\/wp-content\/uploads\/2022\/08\/Photo-25-04-2022-16-37-24-1024x768.jpg 1024w, https:\/\/hoplatransition.org\/wp-content\/uploads\/2022\/08\/Photo-25-04-2022-16-37-24-300x225.jpg 300w, https:\/\/hoplatransition.org\/wp-content\/uploads\/2022\/08\/Photo-25-04-2022-16-37-24-768x576.jpg 768w, https:\/\/hoplatransition.org\/wp-content\/uploads\/2022\/08\/Photo-25-04-2022-16-37-24-1536x1152.jpg 1536w, https:\/\/hoplatransition.org\/wp-content\/uploads\/2022\/08\/Photo-25-04-2022-16-37-24-2048x1536.jpg 2048w\" sizes=\"auto, (max-width: 1024px) 100vw, 1024px\" \/><\/figure>\n\n\n\n<figure class=\"wp-block-image size-large\"><img loading=\"lazy\" decoding=\"async\" width=\"768\" height=\"1024\" data-id=\"200\" src=\"https:\/\/hoplatransition.org\/wp-content\/uploads\/2022\/07\/IMG-20220603-WA0000.jpg\" alt=\"\" class=\"wp-image-200\" srcset=\"https:\/\/hoplatransition.org\/wp-content\/uploads\/2022\/07\/IMG-20220603-WA0000.jpg 768w, https:\/\/hoplatransition.org\/wp-content\/uploads\/2022\/07\/IMG-20220603-WA0000-225x300.jpg 225w\" sizes=\"auto, (max-width: 768px) 100vw, 768px\" \/><\/figure>\n\n\n\n<figure class=\"wp-block-image size-large\"><img loading=\"lazy\" decoding=\"async\" width=\"828\" height=\"438\" data-id=\"281\" src=\"https:\/\/hoplatransition.org\/wp-content\/uploads\/2022\/08\/Photo-02-06-2022-08-46-10.jpg\" alt=\"\" class=\"wp-image-281\" srcset=\"https:\/\/hoplatransition.org\/wp-content\/uploads\/2022\/08\/Photo-02-06-2022-08-46-10.jpg 828w, https:\/\/hoplatransition.org\/wp-content\/uploads\/2022\/08\/Photo-02-06-2022-08-46-10-300x159.jpg 300w, https:\/\/hoplatransition.org\/wp-content\/uploads\/2022\/08\/Photo-02-06-2022-08-46-10-768x406.jpg 768w\" sizes=\"auto, (max-width: 828px) 100vw, 828px\" \/><\/figure>\n\n\n\n<figure class=\"wp-block-image size-large\"><img loading=\"lazy\" decoding=\"async\" width=\"1024\" height=\"768\" data-id=\"291\" src=\"https:\/\/hoplatransition.org\/wp-content\/uploads\/2022\/08\/Photo-23-08-2020-21-17-44-1024x768.jpg\" alt=\"\" class=\"wp-image-291\" srcset=\"https:\/\/hoplatransition.org\/wp-content\/uploads\/2022\/08\/Photo-23-08-2020-21-17-44-1024x768.jpg 1024w, https:\/\/hoplatransition.org\/wp-content\/uploads\/2022\/08\/Photo-23-08-2020-21-17-44-300x225.jpg 300w, https:\/\/hoplatransition.org\/wp-content\/uploads\/2022\/08\/Photo-23-08-2020-21-17-44-768x576.jpg 768w, https:\/\/hoplatransition.org\/wp-content\/uploads\/2022\/08\/Photo-23-08-2020-21-17-44-1536x1152.jpg 1536w, https:\/\/hoplatransition.org\/wp-content\/uploads\/2022\/08\/Photo-23-08-2020-21-17-44-2048x1536.jpg 2048w\" sizes=\"auto, (max-width: 1024px) 100vw, 1024px\" \/><\/figure>\n\n\n\n<figure class=\"wp-block-image size-large\"><img loading=\"lazy\" decoding=\"async\" width=\"1024\" height=\"768\" data-id=\"2315\" src=\"https:\/\/hoplatransition.org\/wp-content\/uploads\/2024\/03\/1686903505217-1024x768.jpeg\" alt=\"\" class=\"wp-image-2315\" srcset=\"https:\/\/hoplatransition.org\/wp-content\/uploads\/2024\/03\/1686903505217-1024x768.jpeg 1024w, https:\/\/hoplatransition.org\/wp-content\/uploads\/2024\/03\/1686903505217-300x225.jpeg 300w, https:\/\/hoplatransition.org\/wp-content\/uploads\/2024\/03\/1686903505217-768x576.jpeg 768w, https:\/\/hoplatransition.org\/wp-content\/uploads\/2024\/03\/1686903505217-1536x1152.jpeg 1536w, https:\/\/hoplatransition.org\/wp-content\/uploads\/2024\/03\/1686903505217.jpeg 2048w\" sizes=\"auto, (max-width: 1024px) 100vw, 1024px\" \/><\/figure>\n\n\n\n<figure class=\"wp-block-image size-large\"><img loading=\"lazy\" decoding=\"async\" width=\"1024\" height=\"768\" data-id=\"1713\" src=\"https:\/\/hoplatransition.org\/wp-content\/uploads\/2023\/06\/5810139451047919535_121-1024x768.jpg\" alt=\"\" class=\"wp-image-1713\" srcset=\"https:\/\/hoplatransition.org\/wp-content\/uploads\/2023\/06\/5810139451047919535_121-1024x768.jpg 1024w, https:\/\/hoplatransition.org\/wp-content\/uploads\/2023\/06\/5810139451047919535_121-300x225.jpg 300w, https:\/\/hoplatransition.org\/wp-content\/uploads\/2023\/06\/5810139451047919535_121-768x576.jpg 768w, https:\/\/hoplatransition.org\/wp-content\/uploads\/2023\/06\/5810139451047919535_121.jpg 1280w\" sizes=\"auto, (max-width: 1024px) 100vw, 1024px\" \/><\/figure>\n<\/figure>\n","protected":false},"excerpt":{"rendered":"<p>Particuliers, entreprises, associations, collectivit\u00e9s locales et services de l&#8217;Etat, \u00e9tablissements d&#8217;enseignement primaire, secondaire ou sup\u00e9rieur&#8230; Nous sommes \u00e0 votre \u00e9coute pour vous proposer un \u00e9v\u00e8nement \u00e0 la mesure de vos ambitions.<\/p>\n","protected":false},"author":1,"featured_media":0,"parent":0,"menu_order":0,"comment_status":"closed","ping_status":"closed","template":"","meta":{"_seopress_robots_primary_cat":"","_mc_calendar":[],"footnotes":""},"class_list":["post-236","page","type-page","status-publish","hentry"],"_links":{"self":[{"href":"https:\/\/hoplatransition.org\/index.php\/wp-json\/wp\/v2\/pages\/236","targetHints":{"allow":["GET"]}}],"collection":[{"href":"https:\/\/hoplatransition.org\/index.php\/wp-json\/wp\/v2\/pages"}],"about":[{"href":"https:\/\/hoplatransition.org\/index.php\/wp-json\/wp\/v2\/types\/page"}],"author":[{"embeddable":true,"href":"https:\/\/hoplatransition.org\/index.php\/wp-json\/wp\/v2\/users\/1"}],"replies":[{"embeddable":true,"href":"https:\/\/hoplatransition.org\/index.php\/wp-json\/wp\/v2\/comments?post=236"}],"version-history":[{"count":7,"href":"https:\/\/hoplatransition.org\/index.php\/wp-json\/wp\/v2\/pages\/236\/revisions"}],"predecessor-version":[{"id":2832,"href":"https:\/\/hoplatransition.org\/index.php\/wp-json\/wp\/v2\/pages\/236\/revisions\/2832"}],"wp:attachment":[{"href":"https:\/\/hoplatransition.org\/index.php\/wp-json\/wp\/v2\/media?parent=236"}],"curies":[{"name":"wp","href":"https:\/\/api.w.org\/{rel}","templated":true}]}}