{"id":232,"date":"2022-07-18T13:07:53","date_gmt":"2022-07-18T11:07:53","guid":{"rendered":"http:\/\/hoplatransition.org\/?page_id=232"},"modified":"2026-04-10T19:04:42","modified_gmt":"2026-04-10T17:04:42","slug":"nos-prochaines-formations","status":"publish","type":"page","link":"https:\/\/hoplatransition.org\/index.php\/nos-prochaines-formations\/","title":{"rendered":"Les prochaines formations"},"content":{"rendered":"\n<div class=\"wp-block-columns is-layout-flex wp-container-core-columns-is-layout-9d6595d7 wp-block-columns-is-layout-flex\">\n<div class=\"wp-block-column has-white-background-color has-text-color has-background has-link-color wp-elements-ed56be0f38190e34445beaac9caab4da is-layout-flow wp-block-column-is-layout-flow\" style=\"color:#000000;padding-top:2em;padding-right:2em;padding-bottom:2em;padding-left:2em\">\n<h2 class=\"wp-block-heading has-text-align-center\" id=\"family\" style=\"font-size:32px\"><strong>Vous pouvez \u00e9galement vous former en ligne.<\/strong><\/h2>\n\n\n\n<h2 class=\"wp-block-heading has-text-align-center\" id=\"family\" style=\"font-size:32px\"><strong>Toutes les dates sont disponibles sur les sites des associations cr\u00e9atrices des ateliers.<\/strong> <\/h2>\n\n\n\n<div class=\"wp-block-buttons is-content-justification-center is-layout-flex wp-container-core-buttons-is-layout-16018d1d wp-block-buttons-is-layout-flex\"><\/div>\n\n\n\n<h2 class=\"wp-block-heading has-text-align-center\" id=\"family\" style=\"font-size:32px\">Pour plus de d\u00e9tails contact@hoplatransition.org<\/h2>\n\n\n\n<div class=\"wp-block-buttons is-layout-flex wp-block-buttons-is-layout-flex\"><\/div>\n<\/div>\n<\/div>\n\n\n\n<hr class=\"wp-block-separator has-alpha-channel-opacity\"\/>\n\n\n\n<div class=\"wp-block-media-text alignwide is-stacked-on-mobile has-background\" style=\"background-color:#86ebc8;grid-template-columns:40% auto\"><figure class=\"wp-block-media-text__media\"><img loading=\"lazy\" decoding=\"async\" width=\"378\" height=\"189\" src=\"http:\/\/hoplatransition.org\/wp-content\/uploads\/2023\/06\/logo-FDB.png\" alt=\"\" class=\"wp-image-1568 size-full\" srcset=\"https:\/\/hoplatransition.org\/wp-content\/uploads\/2023\/06\/logo-FDB.png 378w, https:\/\/hoplatransition.org\/wp-content\/uploads\/2023\/06\/logo-FDB-300x150.png 300w\" sizes=\"auto, (max-width: 378px) 100vw, 378px\" \/><\/figure><div class=\"wp-block-media-text__content\">\n<div style=\"height:28px\" aria-hidden=\"true\" class=\"wp-block-spacer\"><\/div>\n\n\n\n<h2 class=\"wp-block-heading has-text-align-center\"><strong>FORMATION A L&#8217;ANIMATION<\/strong><\/h2>\n\n\n\n<h2 class=\"wp-block-heading has-text-align-center\">Fresque de la Biodiversit\u00e9<\/h2>\n\n\n\n<p class=\"has-text-align-center has-medium-font-size\"><strong>Lundi 18 mai 2026 de 18h \u00e0 21h15<\/strong><\/p>\n\n\n\n<p class=\"has-text-align-center has-medium-font-size\">\u00e0 la MAIF Assurances Strasbourg Etoile (Route du Polygone)<\/p>\n\n\n\n<div style=\"height:45px\" aria-hidden=\"true\" class=\"wp-block-spacer\"><\/div>\n\n\n\n<p>Si vous souhaitez vous <strong>former \u00e0 l&#8217;animation de la Fresque de la Biodiversit\u00e9, ne manquez pas cette date !<\/strong><\/p>\n\n\n\n<p>Seuls pr\u00e9-requis : la motivation et avoir particip\u00e9 \u00e0 une Fresque de la Biodiversit\u00e9 !<strong>&nbsp;<\/strong><\/p>\n\n\n\n<div style=\"height:28px\" aria-hidden=\"true\" class=\"wp-block-spacer\"><\/div>\n\n\n\n<div style=\"height:28px\" aria-hidden=\"true\" class=\"wp-block-spacer\"><\/div>\n\n\n\n<div class=\"wp-block-buttons is-content-justification-center is-layout-flex wp-container-core-buttons-is-layout-16018d1d wp-block-buttons-is-layout-flex\">\n<div class=\"wp-block-button\"><a class=\"wp-block-button__link has-text-align-center wp-element-button\" href=\"https:\/\/www.billetweb.fr\/bas-rhin-67\" style=\"border-radius:0px\" target=\"_blank\" rel=\"noreferrer noopener\">Pour s&#8217;inscrire<\/a><\/div>\n<\/div>\n\n\n\n<div style=\"height:28px\" aria-hidden=\"true\" class=\"wp-block-spacer\"><\/div>\n<\/div><\/div>\n\n\n\n<hr class=\"wp-block-separator has-alpha-channel-opacity\"\/>\n\n\n\n<div class=\"wp-block-media-text alignwide is-stacked-on-mobile has-background\" style=\"background-color:#fae099;grid-template-columns:36% auto\"><figure class=\"wp-block-media-text__media\"><img loading=\"lazy\" decoding=\"async\" width=\"922\" height=\"1024\" src=\"http:\/\/hoplatransition.org\/wp-content\/uploads\/2023\/02\/FDC-922x1024.png\" alt=\"\" class=\"wp-image-955 size-full\" srcset=\"https:\/\/hoplatransition.org\/wp-content\/uploads\/2023\/02\/FDC-922x1024.png 922w, https:\/\/hoplatransition.org\/wp-content\/uploads\/2023\/02\/FDC-270x300.png 270w, https:\/\/hoplatransition.org\/wp-content\/uploads\/2023\/02\/FDC-768x853.png 768w, https:\/\/hoplatransition.org\/wp-content\/uploads\/2023\/02\/FDC-1383x1536.png 1383w, https:\/\/hoplatransition.org\/wp-content\/uploads\/2023\/02\/FDC-1844x2048.png 1844w, https:\/\/hoplatransition.org\/wp-content\/uploads\/2023\/02\/FDC.png 1942w\" sizes=\"auto, (max-width: 922px) 100vw, 922px\" \/><\/figure><div class=\"wp-block-media-text__content\">\n<div style=\"height:28px\" aria-hidden=\"true\" class=\"wp-block-spacer\"><\/div>\n\n\n\n<h2 class=\"wp-block-heading has-text-align-center\"><strong>FORMATION A L&#8217;ANIMATION<\/strong><\/h2>\n\n\n\n<h2 class=\"wp-block-heading has-text-align-center\">Fresque du Climat &#8211; VERSION 2G<\/h2>\n\n\n\n<p class=\"has-text-align-center has-medium-font-size\"><strong>Lundi 21 septembre 2026 de 18h \u00e0 21h<\/strong><\/p>\n\n\n\n<p class=\"has-text-align-center has-medium-font-size\">\u00e0 la MAIF Assurances Strasbourg Etoile (Route du Polygone)<\/p>\n\n\n\n<div style=\"height:45px\" aria-hidden=\"true\" class=\"wp-block-spacer\"><\/div>\n\n\n\n<p>Si vous souhaitez vous <strong>former \u00e0 l&#8217;animation de la Fresque du Climat, ne manquez pas cette date !<\/strong><\/p>\n\n\n\n<p>Pr\u00e9-requis : la motivation ! Avoir d\u00e9j\u00e0 particip\u00e9 \u00e0 une Fresque du Climat (si possible en version 2G) et avoir regard\u00e9 le MOOC dont l&#8217;animateur vous enverra le lien en amont de la formation<strong>\u00a0<\/strong><\/p>\n\n\n\n<div style=\"height:28px\" aria-hidden=\"true\" class=\"wp-block-spacer\"><\/div>\n\n\n\n<div style=\"height:28px\" aria-hidden=\"true\" class=\"wp-block-spacer\"><\/div>\n\n\n\n<div class=\"wp-block-buttons is-content-justification-center is-layout-flex wp-container-core-buttons-is-layout-16018d1d wp-block-buttons-is-layout-flex\">\n<div class=\"wp-block-button\"><a class=\"wp-block-button__link has-text-align-center wp-element-button\" href=\"https:\/\/association.climatefresk.org\/session_invitations\/c01934bb-648f-47a3-a66b-648466931a72#animent\" style=\"border-radius:0px\" target=\"_blank\" rel=\"noreferrer noopener\">Pour s&#8217;inscrire<\/a><\/div>\n<\/div>\n\n\n\n<div style=\"height:28px\" aria-hidden=\"true\" class=\"wp-block-spacer\"><\/div>\n<\/div><\/div>\n","protected":false},"excerpt":{"rendered":"<p>Vous pouvez \u00e9galement vous former en ligne. Toutes les dates sont disponibles sur les sites des associations cr\u00e9atrices des ateliers. Pour plus de d\u00e9tails contact@hoplatransition.org<\/p>\n","protected":false},"author":1,"featured_media":0,"parent":0,"menu_order":0,"comment_status":"closed","ping_status":"closed","template":"","meta":{"_seopress_robots_primary_cat":"","_mc_calendar":[],"footnotes":""},"class_list":["post-232","page","type-page","status-publish","hentry"],"_links":{"self":[{"href":"https:\/\/hoplatransition.org\/index.php\/wp-json\/wp\/v2\/pages\/232","targetHints":{"allow":["GET"]}}],"collection":[{"href":"https:\/\/hoplatransition.org\/index.php\/wp-json\/wp\/v2\/pages"}],"about":[{"href":"https:\/\/hoplatransition.org\/index.php\/wp-json\/wp\/v2\/types\/page"}],"author":[{"embeddable":true,"href":"https:\/\/hoplatransition.org\/index.php\/wp-json\/wp\/v2\/users\/1"}],"replies":[{"embeddable":true,"href":"https:\/\/hoplatransition.org\/index.php\/wp-json\/wp\/v2\/comments?post=232"}],"version-history":[{"count":73,"href":"https:\/\/hoplatransition.org\/index.php\/wp-json\/wp\/v2\/pages\/232\/revisions"}],"predecessor-version":[{"id":3349,"href":"https:\/\/hoplatransition.org\/index.php\/wp-json\/wp\/v2\/pages\/232\/revisions\/3349"}],"wp:attachment":[{"href":"https:\/\/hoplatransition.org\/index.php\/wp-json\/wp\/v2\/media?parent=232"}],"curies":[{"name":"wp","href":"https:\/\/api.w.org\/{rel}","templated":true}]}}