{"id":222,"date":"2022-07-18T13:02:49","date_gmt":"2022-07-18T11:02:49","guid":{"rendered":"http:\/\/hoplatransition.org\/?page_id=222"},"modified":"2024-06-06T15:22:14","modified_gmt":"2024-06-06T13:22:14","slug":"nos-evenements","status":"publish","type":"page","link":"https:\/\/hoplatransition.org\/index.php\/nos-evenements\/","title":{"rendered":"Les prochains \u00e9v\u00e8nements"},"content":{"rendered":"\n<div class=\"wp-block-columns is-layout-flex wp-container-core-columns-is-layout-9d6595d7 wp-block-columns-is-layout-flex\">\n<div class=\"wp-block-column is-layout-flow wp-block-column-is-layout-flow\">\n<figure class=\"wp-block-image size-full\"><a href=\"https:\/\/hoplatransition.org\/index.php\/prochains-ateliers-et-conferences-grand-public\/\"><img loading=\"lazy\" decoding=\"async\" width=\"836\" height=\"692\" src=\"https:\/\/hoplatransition.org\/wp-content\/uploads\/2023\/11\/Ateliers-et-conferences.png\" alt=\"\" class=\"wp-image-2154\" srcset=\"https:\/\/hoplatransition.org\/wp-content\/uploads\/2023\/11\/Ateliers-et-conferences.png 836w, https:\/\/hoplatransition.org\/wp-content\/uploads\/2023\/11\/Ateliers-et-conferences-300x248.png 300w, https:\/\/hoplatransition.org\/wp-content\/uploads\/2023\/11\/Ateliers-et-conferences-768x636.png 768w\" sizes=\"auto, (max-width: 836px) 100vw, 836px\" \/><\/a><\/figure>\n<\/div>\n\n\n\n<div class=\"wp-block-column is-layout-flow wp-block-column-is-layout-flow\">\n<figure class=\"wp-block-image size-full\"><a href=\"https:\/\/hoplatransition.org\/index.php\/nos-prochaines-formations\/\"><img loading=\"lazy\" decoding=\"async\" width=\"823\" height=\"693\" src=\"https:\/\/hoplatransition.org\/wp-content\/uploads\/2023\/11\/Formations.png\" alt=\"\" class=\"wp-image-2156\" srcset=\"https:\/\/hoplatransition.org\/wp-content\/uploads\/2023\/11\/Formations.png 823w, https:\/\/hoplatransition.org\/wp-content\/uploads\/2023\/11\/Formations-300x253.png 300w, https:\/\/hoplatransition.org\/wp-content\/uploads\/2023\/11\/Formations-768x647.png 768w\" sizes=\"auto, (max-width: 823px) 100vw, 823px\" \/><\/a><\/figure>\n<\/div>\n\n\n\n<div class=\"wp-block-column is-layout-flow wp-block-column-is-layout-flow\">\n<figure class=\"wp-block-image size-full\"><a href=\"https:\/\/hoplatransition.org\/index.php\/prochaines-rencontres\/\"><img loading=\"lazy\" decoding=\"async\" width=\"823\" height=\"692\" src=\"https:\/\/hoplatransition.org\/wp-content\/uploads\/2023\/11\/Prochaines-rencontres.png\" alt=\"\" class=\"wp-image-2157\" srcset=\"https:\/\/hoplatransition.org\/wp-content\/uploads\/2023\/11\/Prochaines-rencontres.png 823w, https:\/\/hoplatransition.org\/wp-content\/uploads\/2023\/11\/Prochaines-rencontres-300x252.png 300w, https:\/\/hoplatransition.org\/wp-content\/uploads\/2023\/11\/Prochaines-rencontres-768x646.png 768w\" sizes=\"auto, (max-width: 823px) 100vw, 823px\" \/><\/a><\/figure>\n<\/div>\n<\/div>\n\n\n\n<p><strong>Calendrier des \u00e9v\u00e9nements &#8211; Bas-Rhin<\/strong><\/p>\n\n\n\n<iframe loading=\"lazy\" width=\"100%\" height=\"1000\" src=\"https:\/\/framagenda.org\/apps\/calendar\/embed\/om7aaGFkaiYQexK3\/listMonth\/now\"><\/iframe>\n\n\n\n<p><strong>Calendrier des \u00e9v\u00e9nements &#8211; Haut-Rhin<\/strong><\/p>\n\n\n\n<iframe loading=\"lazy\" width=\"100%\" height=\"1000\" src=\"https:\/\/framagenda.org\/apps\/calendar\/embed\/MWo8oxSrLaZDLzgs\/listMonth\/now\"><\/iframe>\n","protected":false},"excerpt":{"rendered":"<p>Calendrier des \u00e9v\u00e9nements &#8211; Bas-Rhin Calendrier des \u00e9v\u00e9nements &#8211; Haut-Rhin<\/p>\n","protected":false},"author":1,"featured_media":0,"parent":0,"menu_order":0,"comment_status":"closed","ping_status":"closed","template":"","meta":{"_seopress_robots_primary_cat":"","_mc_calendar":[],"footnotes":""},"class_list":["post-222","page","type-page","status-publish","hentry"],"_links":{"self":[{"href":"https:\/\/hoplatransition.org\/index.php\/wp-json\/wp\/v2\/pages\/222","targetHints":{"allow":["GET"]}}],"collection":[{"href":"https:\/\/hoplatransition.org\/index.php\/wp-json\/wp\/v2\/pages"}],"about":[{"href":"https:\/\/hoplatransition.org\/index.php\/wp-json\/wp\/v2\/types\/page"}],"author":[{"embeddable":true,"href":"https:\/\/hoplatransition.org\/index.php\/wp-json\/wp\/v2\/users\/1"}],"replies":[{"embeddable":true,"href":"https:\/\/hoplatransition.org\/index.php\/wp-json\/wp\/v2\/comments?post=222"}],"version-history":[{"count":34,"href":"https:\/\/hoplatransition.org\/index.php\/wp-json\/wp\/v2\/pages\/222\/revisions"}],"predecessor-version":[{"id":2159,"href":"https:\/\/hoplatransition.org\/index.php\/wp-json\/wp\/v2\/pages\/222\/revisions\/2159"}],"wp:attachment":[{"href":"https:\/\/hoplatransition.org\/index.php\/wp-json\/wp\/v2\/media?parent=222"}],"curies":[{"name":"wp","href":"https:\/\/api.w.org\/{rel}","templated":true}]}}