{"id":2137,"date":"2023-11-23T08:59:47","date_gmt":"2023-11-23T07:59:47","guid":{"rendered":"https:\/\/hoplatransition.org\/?page_id=2137"},"modified":"2023-11-23T08:59:48","modified_gmt":"2023-11-23T07:59:48","slug":"little-big-impact-eco-challenge","status":"publish","type":"page","link":"https:\/\/hoplatransition.org\/index.php\/little-big-impact-eco-challenge\/","title":{"rendered":"Little Big Impact &#8211; Eco-challenge"},"content":{"rendered":"\n<div class=\"wp-block-media-text alignwide is-stacked-on-mobile\"><figure class=\"wp-block-media-text__media\"><img loading=\"lazy\" decoding=\"async\" width=\"368\" height=\"206\" src=\"http:\/\/hoplatransition.org\/wp-content\/uploads\/2023\/11\/little_big_impact-e1700567034773.jpg\" alt=\"\" class=\"wp-image-2132 size-full\" srcset=\"https:\/\/hoplatransition.org\/wp-content\/uploads\/2023\/11\/little_big_impact-e1700567034773.jpg 368w, https:\/\/hoplatransition.org\/wp-content\/uploads\/2023\/11\/little_big_impact-e1700567034773-300x168.jpg 300w\" sizes=\"auto, (max-width: 368px) 100vw, 368px\" \/><\/figure><div class=\"wp-block-media-text__content\">\n<p class=\"has-medium-font-size\">Format: atelier collaboratif puis challenge collectif<\/p>\n\n\n\n<p>Dur\u00e9e: 2h<\/p>\n\n\n\n<p>\u00c9co-challenge Little Big Impact : un atelier de\u00a0<strong>sensibilisation<\/strong>\u00a0et\u00a0un<strong>\u00a0challenge collectif<\/strong>\u00a0pour transformer vos pratiques et r\u00e9duire\u00a0votre impact environnemental<\/p>\n\n\n\n<p><strong>D\u00e9roul\u00e9 d\u2019un \u00e9co-challenge Little Big Impact\u00a0<\/strong> :<\/p>\n\n\n\n<p><strong>Un atelier en pr\u00e9sentiel ou \u00e0 distance de 2h<\/strong><\/p>\n\n\n\n<ul class=\"wp-block-list\">\n<li><strong>Mieux comprendre<\/strong>\u00a0le changement\u00a0climatique et les leviers d\u2019action efficaces<\/li>\n\n\n\n<li><strong>S\u2019engager<\/strong>&nbsp;concr\u00e8tement pour r\u00e9duire son&nbsp;empreinte environnementale au quotidien<\/li>\n\n\n\n<li><strong>Partager<\/strong>\u00a0les bonnes pratiques et\u00a0s\u2019entraider pour lever les freins<\/li>\n<\/ul>\n\n\n\n<p><strong>3 mois pour passer \u00e0 l\u2019action \u00e0 votre\u00a0rythme sur la web-app de l\u2019\u00e9co-challenge<\/strong><\/p>\n\n\n\n<ul class=\"wp-block-list\">\n<li>Un&nbsp;<strong>challenge<\/strong>&nbsp;amusant \u00e0 relever gr\u00e2ce \u00e0&nbsp;des&nbsp;<strong>conseils pratiques,&nbsp;<\/strong>une&nbsp;<strong>mise en relation<\/strong>&nbsp;des engag\u00e9s de votre \u00e9quipe,&nbsp;et le&nbsp;<strong>suivi de vos&nbsp;progr\u00e8s<\/strong>&nbsp;en temps r\u00e9el<\/li>\n<\/ul>\n<\/div><\/div>\n","protected":false},"excerpt":{"rendered":"","protected":false},"author":1,"featured_media":0,"parent":0,"menu_order":0,"comment_status":"closed","ping_status":"closed","template":"","meta":{"_seopress_robots_primary_cat":"","_mc_calendar":[],"footnotes":""},"class_list":["post-2137","page","type-page","status-publish","hentry"],"_links":{"self":[{"href":"https:\/\/hoplatransition.org\/index.php\/wp-json\/wp\/v2\/pages\/2137","targetHints":{"allow":["GET"]}}],"collection":[{"href":"https:\/\/hoplatransition.org\/index.php\/wp-json\/wp\/v2\/pages"}],"about":[{"href":"https:\/\/hoplatransition.org\/index.php\/wp-json\/wp\/v2\/types\/page"}],"author":[{"embeddable":true,"href":"https:\/\/hoplatransition.org\/index.php\/wp-json\/wp\/v2\/users\/1"}],"replies":[{"embeddable":true,"href":"https:\/\/hoplatransition.org\/index.php\/wp-json\/wp\/v2\/comments?post=2137"}],"version-history":[{"count":5,"href":"https:\/\/hoplatransition.org\/index.php\/wp-json\/wp\/v2\/pages\/2137\/revisions"}],"predecessor-version":[{"id":2142,"href":"https:\/\/hoplatransition.org\/index.php\/wp-json\/wp\/v2\/pages\/2137\/revisions\/2142"}],"wp:attachment":[{"href":"https:\/\/hoplatransition.org\/index.php\/wp-json\/wp\/v2\/media?parent=2137"}],"curies":[{"name":"wp","href":"https:\/\/api.w.org\/{rel}","templated":true}]}}