{"id":2021,"date":"2023-09-28T09:48:45","date_gmt":"2023-09-28T07:48:45","guid":{"rendered":"https:\/\/hoplatransition.org\/?page_id=2021"},"modified":"2026-04-10T18:33:07","modified_gmt":"2026-04-10T16:33:07","slug":"nos-stands-lors-devenements","status":"publish","type":"page","link":"https:\/\/hoplatransition.org\/index.php\/nos-stands-lors-devenements\/","title":{"rendered":"Nos prochains stands et conf\u00e9rences lors d&#8217;\u00e9v\u00e9nements"},"content":{"rendered":"\n<h2 class=\"wp-block-heading\"><strong>RETROUVEZ-NOUS PROCHAINEMENT LORS D&#8217;EVENEMENTS  EN ALSACE !<\/strong><\/h2>\n\n\n\n<p class=\"has-medium-font-size\">Les b\u00e9n\u00e9voles de l\u2019association tiennent r\u00e9guli\u00e8rement des stands ou des conf\u00e9rences lors d&#8217;\u00e9v\u00e8nements. Retrouvez-nous sur nos stands partout en Alsace. <\/p>\n\n\n\n<p class=\"has-medium-font-size\">Nous avons h\u00e2te de vous y retrouver !<\/p>\n\n\n\n<div class=\"wp-block-columns is-layout-flex wp-container-core-columns-is-layout-9d6595d7 wp-block-columns-is-layout-flex\">\n<div class=\"wp-block-column has-light-green-cyan-background-color has-background is-layout-flow wp-block-column-is-layout-flow\">\n<div style=\"height:30px\" aria-hidden=\"true\" class=\"wp-block-spacer\"><\/div>\n\n\n\n<div style=\"height:40px\" aria-hidden=\"true\" class=\"wp-block-spacer\"><\/div>\n\n\n\n<p class=\"has-text-align-center has-medium-font-size\"><strong>A <strong>UFFHOLTZ<\/strong> <\/strong>dans le cadre des <strong>&#8220;30h de jeux&#8221;<\/strong><\/p>\n\n\n\n<div style=\"height:63px\" aria-hidden=\"true\" class=\"wp-block-spacer\"><\/div>\n\n\n\n<p class=\"has-text-align-center has-medium-font-size\"><strong>Vendredi 1er mai<\/strong><\/p>\n\n\n\n<p class=\"has-text-align-center has-medium-font-size\">au 2 rue du Ballon<\/p>\n\n\n\n<p class=\"has-text-align-center\"><em><em>Nous y serons le vendredi 1er mai apr\u00e8s-midi avec un stand et &#8230; des jeux bien s\u00fbr ! Autres animations de l&#8217;\u00e9v\u00e9nement : tournois (belote, tarot, \u00e9checs, puzzle), championnat d\u2019Alsace de jeux de soci\u00e9t\u00e9, ainsi que des espaces de jeux en libre acc\u00e8s. Pour petits et grands.<\/em><\/em><\/p>\n\n\n\n<p><\/p>\n\n\n\n<div class=\"wp-block-buttons is-content-justification-center is-layout-flex wp-container-core-buttons-is-layout-16018d1d wp-block-buttons-is-layout-flex\">\n<div class=\"wp-block-button\"><a class=\"wp-block-button__link wp-element-button\" href=\"https:\/\/www.cirkwi.com\/fr\/point-interet\/5162925-les-30h-de-jeux-d-uffholtz\" target=\"_blank\" rel=\"noreferrer noopener\">Pour en savoir plus !<\/a><\/div>\n<\/div>\n\n\n\n<div style=\"height:30px\" aria-hidden=\"true\" class=\"wp-block-spacer\"><\/div>\n\n\n<div class=\"wp-block-image\">\n<figure class=\"aligncenter size-full is-resized\"><img loading=\"lazy\" decoding=\"async\" width=\"150\" height=\"150\" src=\"https:\/\/hoplatransition.org\/wp-content\/uploads\/2026\/04\/30h-du-jeu.png\" alt=\"\" class=\"wp-image-3341\" style=\"width:231px;height:auto\"\/><\/figure>\n<\/div>\n\n\n<div style=\"height:30px\" aria-hidden=\"true\" class=\"wp-block-spacer\"><\/div>\n<\/div>\n\n\n\n<div class=\"wp-block-column has-light-green-cyan-background-color has-background is-layout-flow wp-block-column-is-layout-flow\">\n<div style=\"height:30px\" aria-hidden=\"true\" class=\"wp-block-spacer\"><\/div>\n\n\n\n<div style=\"height:40px\" aria-hidden=\"true\" class=\"wp-block-spacer\"><\/div>\n\n\n\n<p class=\"has-text-align-center has-medium-font-size\"><strong>A <strong>LORENTZEN<\/strong> <\/strong>dans le cadre du <strong>&#8220;Festival des Paysages&#8221;<\/strong><\/p>\n\n\n\n<div style=\"height:30px\" aria-hidden=\"true\" class=\"wp-block-spacer\"><\/div>\n\n\n\n<p class=\"has-text-align-center has-medium-font-size\"><strong>Dimanche 7 juin<\/strong><\/p>\n\n\n\n<p class=\"has-text-align-center has-medium-font-size\">\u00e0 la Grange aux Paysages (90 rue Principale) <\/p>\n\n\n\n<p class=\"has-text-align-center\"><em><em>Au programme :\u00a0spectacles, ateliers, expos, march\u00e9, concerts, &#8230;.<\/em><\/em><\/p>\n\n\n\n<div style=\"height:70px\" aria-hidden=\"true\" class=\"wp-block-spacer\"><\/div>\n\n\n\n<p><\/p>\n\n\n\n<div class=\"wp-block-buttons is-content-justification-center is-layout-flex wp-container-core-buttons-is-layout-16018d1d wp-block-buttons-is-layout-flex\">\n<div class=\"wp-block-button\"><a class=\"wp-block-button__link wp-element-button\" href=\"https:\/\/www.grangeauxpaysages.fr\/agenda\/journee-faire-soi-meme\/\" target=\"_blank\" rel=\"noreferrer noopener\">Pour en savoir plus !<\/a><\/div>\n<\/div>\n\n\n\n<div style=\"height:30px\" aria-hidden=\"true\" class=\"wp-block-spacer\"><\/div>\n\n\n<div class=\"wp-block-image\">\n<figure class=\"aligncenter size-full is-resized\"><img loading=\"lazy\" decoding=\"async\" width=\"200\" height=\"110\" src=\"http:\/\/hoplatransition.org\/wp-content\/uploads\/2026\/02\/Grange-aux-paysages.png\" alt=\"\" class=\"wp-image-3302\" style=\"width:355px;height:auto\"\/><\/figure>\n<\/div>\n\n\n<div style=\"height:30px\" aria-hidden=\"true\" class=\"wp-block-spacer\"><\/div>\n<\/div>\n<\/div>\n\n\n\n<div style=\"height:27px\" aria-hidden=\"true\" class=\"wp-block-spacer\"><\/div>\n\n\n\n<figure class=\"wp-block-gallery has-nested-images columns-default is-cropped wp-block-gallery-1 is-layout-flex wp-block-gallery-is-layout-flex\">\n<figure class=\"wp-block-image size-full\"><img loading=\"lazy\" decoding=\"async\" width=\"828\" height=\"553\" data-id=\"298\" src=\"http:\/\/hoplatransition.org\/wp-content\/uploads\/2022\/08\/Photo-12-05-2022-10-52-58.jpg\" alt=\"\" class=\"wp-image-298\" srcset=\"https:\/\/hoplatransition.org\/wp-content\/uploads\/2022\/08\/Photo-12-05-2022-10-52-58.jpg 828w, https:\/\/hoplatransition.org\/wp-content\/uploads\/2022\/08\/Photo-12-05-2022-10-52-58-300x200.jpg 300w, https:\/\/hoplatransition.org\/wp-content\/uploads\/2022\/08\/Photo-12-05-2022-10-52-58-768x513.jpg 768w\" sizes=\"auto, (max-width: 828px) 100vw, 828px\" \/><\/figure>\n\n\n\n<figure class=\"wp-block-image size-large\"><img loading=\"lazy\" decoding=\"async\" width=\"1024\" height=\"498\" data-id=\"1897\" src=\"http:\/\/hoplatransition.org\/wp-content\/uploads\/2023\/09\/photo_2022-09-26_15-13-07-1024x498.jpg\" alt=\"\" class=\"wp-image-1897\" srcset=\"https:\/\/hoplatransition.org\/wp-content\/uploads\/2023\/09\/photo_2022-09-26_15-13-07-1024x498.jpg 1024w, https:\/\/hoplatransition.org\/wp-content\/uploads\/2023\/09\/photo_2022-09-26_15-13-07-300x146.jpg 300w, https:\/\/hoplatransition.org\/wp-content\/uploads\/2023\/09\/photo_2022-09-26_15-13-07-768x373.jpg 768w, https:\/\/hoplatransition.org\/wp-content\/uploads\/2023\/09\/photo_2022-09-26_15-13-07.jpg 1280w\" sizes=\"auto, (max-width: 1024px) 100vw, 1024px\" \/><\/figure>\n\n\n\n<figure class=\"wp-block-image size-large\"><img loading=\"lazy\" decoding=\"async\" width=\"1024\" height=\"768\" data-id=\"839\" src=\"http:\/\/hoplatransition.org\/wp-content\/uploads\/2023\/01\/Photo-18-09-2021-15-32-10-2-1024x768.jpg\" alt=\"\" class=\"wp-image-839\" srcset=\"https:\/\/hoplatransition.org\/wp-content\/uploads\/2023\/01\/Photo-18-09-2021-15-32-10-2-1024x768.jpg 1024w, https:\/\/hoplatransition.org\/wp-content\/uploads\/2023\/01\/Photo-18-09-2021-15-32-10-2-300x225.jpg 300w, https:\/\/hoplatransition.org\/wp-content\/uploads\/2023\/01\/Photo-18-09-2021-15-32-10-2-768x576.jpg 768w, https:\/\/hoplatransition.org\/wp-content\/uploads\/2023\/01\/Photo-18-09-2021-15-32-10-2-1536x1152.jpg 1536w, https:\/\/hoplatransition.org\/wp-content\/uploads\/2023\/01\/Photo-18-09-2021-15-32-10-2-2048x1536.jpg 2048w\" sizes=\"auto, (max-width: 1024px) 100vw, 1024px\" \/><\/figure>\n<\/figure>\n\n\n\n<div style=\"height:40px\" aria-hidden=\"true\" class=\"wp-block-spacer\"><\/div>\n\n\n\n<p class=\"has-medium-font-size\">Et retrouvez tous les \u00e9v\u00e9nements sur nos calendriers :<\/p>\n\n\n\n<div class=\"wp-block-columns is-layout-flex wp-container-core-columns-is-layout-9d6595d7 wp-block-columns-is-layout-flex\">\n<div class=\"wp-block-column is-layout-flow wp-block-column-is-layout-flow\">\n<div class=\"wp-block-buttons is-content-justification-center is-layout-flex wp-container-core-buttons-is-layout-16018d1d wp-block-buttons-is-layout-flex\">\n<div class=\"wp-block-button has-custom-width wp-block-button__width-25 is-style-outline is-style-outline--2\"><a class=\"wp-block-button__link has-white-background-color has-background wp-element-button\" href=\"https:\/\/framagenda.org\/apps\/calendar\/p\/om7aaGFkaiYQexK3\" style=\"border-radius:0px\" target=\"_blank\" rel=\"noreferrer noopener\">Pour le  Bas-Rhin !<\/a><\/div>\n\n\n\n<div class=\"wp-block-button has-custom-width wp-block-button__width-25 is-style-outline is-style-outline--3\"><a class=\"wp-block-button__link has-white-background-color has-background wp-element-button\" href=\"https:\/\/framagenda.org\/apps\/calendar\/p\/MWo8oxSrLaZDLzgs\" style=\"border-radius:0px\" target=\"_blank\" rel=\"noreferrer noopener\">Pour le  Haut-Rhin !<\/a><\/div>\n<\/div>\n<\/div>\n<\/div>\n","protected":false},"excerpt":{"rendered":"<p>RETROUVEZ-NOUS PROCHAINEMENT LORS D&#8217;EVENEMENTS EN ALSACE ! Les b\u00e9n\u00e9voles de l\u2019association tiennent r\u00e9guli\u00e8rement des stands ou des conf\u00e9rences lors d&#8217;\u00e9v\u00e8nements. Retrouvez-nous sur nos stands partout en Alsace. Nous avons h\u00e2te de vous y retrouver ! A UFFHOLTZ dans le cadre des &#8220;30h de jeux&#8221; Vendredi 1er mai au 2 rue du Ballon Nous y serons [&hellip;]<\/p>\n","protected":false},"author":1,"featured_media":0,"parent":0,"menu_order":0,"comment_status":"closed","ping_status":"closed","template":"","meta":{"_seopress_robots_primary_cat":"","_mc_calendar":[],"footnotes":""},"class_list":["post-2021","page","type-page","status-publish","hentry"],"_links":{"self":[{"href":"https:\/\/hoplatransition.org\/index.php\/wp-json\/wp\/v2\/pages\/2021","targetHints":{"allow":["GET"]}}],"collection":[{"href":"https:\/\/hoplatransition.org\/index.php\/wp-json\/wp\/v2\/pages"}],"about":[{"href":"https:\/\/hoplatransition.org\/index.php\/wp-json\/wp\/v2\/types\/page"}],"author":[{"embeddable":true,"href":"https:\/\/hoplatransition.org\/index.php\/wp-json\/wp\/v2\/users\/1"}],"replies":[{"embeddable":true,"href":"https:\/\/hoplatransition.org\/index.php\/wp-json\/wp\/v2\/comments?post=2021"}],"version-history":[{"count":70,"href":"https:\/\/hoplatransition.org\/index.php\/wp-json\/wp\/v2\/pages\/2021\/revisions"}],"predecessor-version":[{"id":3344,"href":"https:\/\/hoplatransition.org\/index.php\/wp-json\/wp\/v2\/pages\/2021\/revisions\/3344"}],"wp:attachment":[{"href":"https:\/\/hoplatransition.org\/index.php\/wp-json\/wp\/v2\/media?parent=2021"}],"curies":[{"name":"wp","href":"https:\/\/api.w.org\/{rel}","templated":true}]}}