{"id":2010,"date":"2023-09-26T14:10:22","date_gmt":"2023-09-26T12:10:22","guid":{"rendered":"https:\/\/hoplatransition.org\/?page_id=2010"},"modified":"2023-09-26T14:10:23","modified_gmt":"2023-09-26T12:10:23","slug":"ateliers-de-ladaptation-au-changement-climatique","status":"publish","type":"page","link":"https:\/\/hoplatransition.org\/index.php\/ateliers-de-ladaptation-au-changement-climatique\/","title":{"rendered":"Ateliers de l&#8217;Adaptation au Changement Climatique"},"content":{"rendered":"\n<div class=\"wp-block-media-text alignwide is-stacked-on-mobile\"><figure class=\"wp-block-media-text__media\"><img loading=\"lazy\" decoding=\"async\" width=\"662\" height=\"313\" src=\"http:\/\/hoplatransition.org\/wp-content\/uploads\/2023\/09\/ateliers-adaptation-CC.png\" alt=\"\" class=\"wp-image-2005 size-full\" srcset=\"https:\/\/hoplatransition.org\/wp-content\/uploads\/2023\/09\/ateliers-adaptation-CC.png 662w, https:\/\/hoplatransition.org\/wp-content\/uploads\/2023\/09\/ateliers-adaptation-CC-300x142.png 300w\" sizes=\"auto, (max-width: 662px) 100vw, 662px\" \/><\/figure><div class=\"wp-block-media-text__content\">\n<p class=\"has-medium-font-size\">Format: atelier immersif <\/p>\n\n\n\n<p>Dur\u00e9e : entre 2h et 3h selon format<\/p>\n\n\n\n<p>Le changement climatique est d\u00e9j\u00e0 l\u00e0, ses impacts sont g\u00e9n\u00e9ralis\u00e9s et s\u2019intensifient. Il s\u2019agit d\u2019ores et d\u00e9j\u00e0 d\u2019y faire \u00a0face, et d\u2019anticiper plut\u00f4t que de r\u00e9agir dans l\u2019urgence.\u00a0Il s\u2019agit d\u2019insuffler une culture du risque climatique (risque physique et risque de transition).\u00a0<\/p>\n\n\n\n<p>Les Ateliers de l\u2019Adaptation donnent les clefs pour comprendre ce qu\u2019est l\u2019adaptation et fournissent une m\u00e9thode pour \u00a0faire collectivement les bons choix et \u00e9viter les maladaptations.<\/p>\n<\/div><\/div>\n","protected":false},"excerpt":{"rendered":"<p>Format: atelier immersif Dur\u00e9e : entre 2h et 3h selon format Le changement climatique est d\u00e9j\u00e0 l\u00e0, ses impacts sont g\u00e9n\u00e9ralis\u00e9s et s\u2019intensifient. Il s\u2019agit d\u2019ores et d\u00e9j\u00e0 d\u2019y faire \u00a0face, et d\u2019anticiper plut\u00f4t que de r\u00e9agir dans l\u2019urgence.\u00a0Il s\u2019agit d\u2019insuffler une culture du risque climatique (risque physique et risque de transition).\u00a0 Les Ateliers de [&hellip;]<\/p>\n","protected":false},"author":1,"featured_media":0,"parent":0,"menu_order":0,"comment_status":"closed","ping_status":"closed","template":"","meta":{"_seopress_robots_primary_cat":"","_mc_calendar":[],"footnotes":""},"class_list":["post-2010","page","type-page","status-publish","hentry"],"_links":{"self":[{"href":"https:\/\/hoplatransition.org\/index.php\/wp-json\/wp\/v2\/pages\/2010","targetHints":{"allow":["GET"]}}],"collection":[{"href":"https:\/\/hoplatransition.org\/index.php\/wp-json\/wp\/v2\/pages"}],"about":[{"href":"https:\/\/hoplatransition.org\/index.php\/wp-json\/wp\/v2\/types\/page"}],"author":[{"embeddable":true,"href":"https:\/\/hoplatransition.org\/index.php\/wp-json\/wp\/v2\/users\/1"}],"replies":[{"embeddable":true,"href":"https:\/\/hoplatransition.org\/index.php\/wp-json\/wp\/v2\/comments?post=2010"}],"version-history":[{"count":2,"href":"https:\/\/hoplatransition.org\/index.php\/wp-json\/wp\/v2\/pages\/2010\/revisions"}],"predecessor-version":[{"id":2012,"href":"https:\/\/hoplatransition.org\/index.php\/wp-json\/wp\/v2\/pages\/2010\/revisions\/2012"}],"wp:attachment":[{"href":"https:\/\/hoplatransition.org\/index.php\/wp-json\/wp\/v2\/media?parent=2010"}],"curies":[{"name":"wp","href":"https:\/\/api.w.org\/{rel}","templated":true}]}}