{"id":1375,"date":"2023-04-04T10:43:17","date_gmt":"2023-04-04T08:43:17","guid":{"rendered":"http:\/\/hoplatransition.org\/?page_id=1375"},"modified":"2023-11-23T09:07:54","modified_gmt":"2023-11-23T08:07:54","slug":"futurs-proches","status":"publish","type":"page","link":"https:\/\/hoplatransition.org\/index.php\/futurs-proches\/","title":{"rendered":"Futurs proches"},"content":{"rendered":"\n<div class=\"wp-block-media-text alignwide is-stacked-on-mobile\"><figure class=\"wp-block-media-text__media\"><img loading=\"lazy\" decoding=\"async\" width=\"1024\" height=\"571\" src=\"http:\/\/hoplatransition.org\/wp-content\/uploads\/2023\/04\/futurs-proches-3-e1695728250538-1024x571.png\" alt=\"\" class=\"wp-image-1373 size-full\" srcset=\"https:\/\/hoplatransition.org\/wp-content\/uploads\/2023\/04\/futurs-proches-3-e1695728250538-1024x571.png 1024w, https:\/\/hoplatransition.org\/wp-content\/uploads\/2023\/04\/futurs-proches-3-e1695728250538-300x167.png 300w, https:\/\/hoplatransition.org\/wp-content\/uploads\/2023\/04\/futurs-proches-3-e1695728250538-768x429.png 768w, https:\/\/hoplatransition.org\/wp-content\/uploads\/2023\/04\/futurs-proches-3-e1695728250538.png 1500w\" sizes=\"auto, (max-width: 1024px) 100vw, 1024px\" \/><\/figure><div class=\"wp-block-media-text__content\">\n<p class=\"has-medium-font-size\">Format: ateliers d\u2019imagination et de co-\u00e9criture de r\u00e9cits<\/p>\n\n\n\n<p>Dur\u00e9e: 3h<\/p>\n\n\n\n<p>Ces r\u00e9cits interrogent notre futur autour de th\u00e9matiques de transition ou d\u2019adaptation \u00e9cologique ainsi que de transition sociale et d\u00e9mocratique. Modestement, les ateliers futurs proches permettent de contribuer \u00e0 l\u2019appel \u00e0 cr\u00e9er des nouveaux r\u00e9cits tant pour se projeter dans le monde qui vient que pour en faire jaillir de nouveaux.<\/p>\n<\/div><\/div>\n\n\n\n<p class=\"has-text-align-center has-medium-font-size\"><\/p>\n","protected":false},"excerpt":{"rendered":"<p>Format: ateliers d\u2019imagination et de co-\u00e9criture de r\u00e9cits Dur\u00e9e: 3h Ces r\u00e9cits interrogent notre futur autour de th\u00e9matiques de transition ou d\u2019adaptation \u00e9cologique ainsi que de transition sociale et d\u00e9mocratique. Modestement, les ateliers futurs proches permettent de contribuer \u00e0 l\u2019appel \u00e0 cr\u00e9er des nouveaux r\u00e9cits tant pour se projeter dans le monde qui vient que [&hellip;]<\/p>\n","protected":false},"author":1,"featured_media":0,"parent":0,"menu_order":0,"comment_status":"closed","ping_status":"closed","template":"","meta":{"_seopress_robots_primary_cat":"","_mc_calendar":[],"footnotes":""},"class_list":["post-1375","page","type-page","status-publish","hentry"],"_links":{"self":[{"href":"https:\/\/hoplatransition.org\/index.php\/wp-json\/wp\/v2\/pages\/1375","targetHints":{"allow":["GET"]}}],"collection":[{"href":"https:\/\/hoplatransition.org\/index.php\/wp-json\/wp\/v2\/pages"}],"about":[{"href":"https:\/\/hoplatransition.org\/index.php\/wp-json\/wp\/v2\/types\/page"}],"author":[{"embeddable":true,"href":"https:\/\/hoplatransition.org\/index.php\/wp-json\/wp\/v2\/users\/1"}],"replies":[{"embeddable":true,"href":"https:\/\/hoplatransition.org\/index.php\/wp-json\/wp\/v2\/comments?post=1375"}],"version-history":[{"count":5,"href":"https:\/\/hoplatransition.org\/index.php\/wp-json\/wp\/v2\/pages\/1375\/revisions"}],"predecessor-version":[{"id":2146,"href":"https:\/\/hoplatransition.org\/index.php\/wp-json\/wp\/v2\/pages\/1375\/revisions\/2146"}],"wp:attachment":[{"href":"https:\/\/hoplatransition.org\/index.php\/wp-json\/wp\/v2\/media?parent=1375"}],"curies":[{"name":"wp","href":"https:\/\/api.w.org\/{rel}","templated":true}]}}