{"id":1100,"date":"2023-03-08T23:27:35","date_gmt":"2023-03-08T22:27:35","guid":{"rendered":"https:\/\/hoplatransition.org\/?page_id=1100"},"modified":"2024-07-16T13:25:06","modified_gmt":"2024-07-16T11:25:06","slug":"nos-ateliers-pour-aller-plus-loin","status":"publish","type":"page","link":"https:\/\/hoplatransition.org\/index.php\/nos-ateliers-pour-aller-plus-loin\/","title":{"rendered":"Nos ateliers pour aller plus loin"},"content":{"rendered":"\n<h4 class=\"wp-block-heading\"><\/h4>\n\n\n\n<p><\/p>\n\n\n\n<div class=\"wp-block-media-text alignfull is-stacked-on-mobile is-vertically-aligned-center\"><figure class=\"wp-block-media-text__media\"><img loading=\"lazy\" decoding=\"async\" width=\"1024\" height=\"573\" src=\"http:\/\/hoplatransition.org\/wp-content\/uploads\/2022\/05\/IMG_20220514_145033_716-1024x573.jpg\" alt=\"\" class=\"wp-image-94 size-full\" srcset=\"https:\/\/hoplatransition.org\/wp-content\/uploads\/2022\/05\/IMG_20220514_145033_716-1024x573.jpg 1024w, https:\/\/hoplatransition.org\/wp-content\/uploads\/2022\/05\/IMG_20220514_145033_716-300x168.jpg 300w, https:\/\/hoplatransition.org\/wp-content\/uploads\/2022\/05\/IMG_20220514_145033_716-768x430.jpg 768w, https:\/\/hoplatransition.org\/wp-content\/uploads\/2022\/05\/IMG_20220514_145033_716.jpg 1168w\" sizes=\"auto, (max-width: 1024px) 100vw, 1024px\" \/><\/figure><div class=\"wp-block-media-text__content\">\n<h2 class=\"wp-block-heading has-text-align-center has-text-color\" style=\"color:#000000\"><a href=\"http:\/\/hoplatransition.org\/index.php\/2tonnes\/\" data-type=\"page\" data-id=\"97\">2tonnes<\/a><\/h2>\n\n\n\n<p class=\"has-text-align-center has-extra-small-font-size\">Pour savoir comment atteindre collectivement et individuellement 2 tonnes d&#8217;\u00e9missions de GES par personne en 2050<\/p>\n<\/div><\/div>\n\n\n\n<div style=\"height:27px\" aria-hidden=\"true\" class=\"wp-block-spacer\"><\/div>\n\n\n\n<div class=\"wp-block-media-text alignfull is-stacked-on-mobile is-vertically-aligned-center\"><figure class=\"wp-block-media-text__media\"><img loading=\"lazy\" decoding=\"async\" width=\"662\" height=\"313\" src=\"http:\/\/hoplatransition.org\/wp-content\/uploads\/2023\/09\/ateliers-adaptation-CC.png\" alt=\"\" class=\"wp-image-2005 size-full\" srcset=\"https:\/\/hoplatransition.org\/wp-content\/uploads\/2023\/09\/ateliers-adaptation-CC.png 662w, https:\/\/hoplatransition.org\/wp-content\/uploads\/2023\/09\/ateliers-adaptation-CC-300x142.png 300w\" sizes=\"auto, (max-width: 662px) 100vw, 662px\" \/><\/figure><div class=\"wp-block-media-text__content\">\n<h2 class=\"wp-block-heading has-text-align-center has-text-color\" style=\"color:#000000\"><a href=\"https:\/\/hoplatransition.org\/index.php\/ateliers-de-ladaptation-au-changement-climatique\/\" data-type=\"link\" data-id=\"https:\/\/hoplatransition.org\/index.php\/ateliers-de-ladaptation-au-changement-climatique\/\">Ateliers de l&#8217;adaptation au Changement Climatique<\/a><\/h2>\n\n\n\n<p class=\"has-text-align-center has-extra-small-font-size\">Ateliers pour comprendre ce qu&#8217;est l&#8217;adaptation et fournir une m\u00e9thode pour faire collectivement les bons choix<\/p>\n<\/div><\/div>\n\n\n\n<div style=\"height:27px\" aria-hidden=\"true\" class=\"wp-block-spacer\"><\/div>\n\n\n\n<div class=\"wp-block-media-text alignfull is-stacked-on-mobile is-vertically-aligned-center\"><figure class=\"wp-block-media-text__media\"><a href=\"https:\/\/hoplatransition.org\/index.php\/inventons-nos-vies-bas-carbone\/\"><img loading=\"lazy\" decoding=\"async\" width=\"1024\" height=\"571\" src=\"http:\/\/hoplatransition.org\/wp-content\/uploads\/2023\/04\/futurs-proches-3-e1695728250538-1024x571.png\" alt=\"\" class=\"wp-image-1373 size-full\" srcset=\"https:\/\/hoplatransition.org\/wp-content\/uploads\/2023\/04\/futurs-proches-3-e1695728250538-1024x571.png 1024w, https:\/\/hoplatransition.org\/wp-content\/uploads\/2023\/04\/futurs-proches-3-e1695728250538-300x167.png 300w, https:\/\/hoplatransition.org\/wp-content\/uploads\/2023\/04\/futurs-proches-3-e1695728250538-768x429.png 768w, https:\/\/hoplatransition.org\/wp-content\/uploads\/2023\/04\/futurs-proches-3-e1695728250538.png 1500w\" sizes=\"auto, (max-width: 1024px) 100vw, 1024px\" \/><\/a><\/figure><div class=\"wp-block-media-text__content\">\n<h2 class=\"wp-block-heading has-text-align-center has-text-color\" style=\"color:#000000\"><a href=\"http:\/\/hoplatransition.org\/index.php\/futurs-proches\/\" data-type=\"page\" data-id=\"1375\">Futurs proches<\/a><\/h2>\n\n\n\n<p class=\"has-text-align-center has-extra-small-font-size\">Ateliers d\u2019imagination et de co-\u00e9criture de r\u00e9cits.<\/p>\n<\/div><\/div>\n\n\n\n<div style=\"height:27px\" aria-hidden=\"true\" class=\"wp-block-spacer\"><\/div>\n\n\n\n<div class=\"wp-block-media-text alignfull is-stacked-on-mobile is-vertically-aligned-center\"><figure class=\"wp-block-media-text__media\"><a href=\"https:\/\/hoplatransition.org\/index.php\/atelier-ogre-ordre-de-grandeur-des-energies\/\"><img loading=\"lazy\" decoding=\"async\" width=\"960\" height=\"537\" src=\"http:\/\/hoplatransition.org\/wp-content\/uploads\/2023\/03\/ilest-temps-1-e1695728289823.jpg\" alt=\"\" class=\"wp-image-1216 size-full\" srcset=\"https:\/\/hoplatransition.org\/wp-content\/uploads\/2023\/03\/ilest-temps-1-e1695728289823.jpg 960w, https:\/\/hoplatransition.org\/wp-content\/uploads\/2023\/03\/ilest-temps-1-e1695728289823-300x168.jpg 300w, https:\/\/hoplatransition.org\/wp-content\/uploads\/2023\/03\/ilest-temps-1-e1695728289823-768x430.jpg 768w\" sizes=\"auto, (max-width: 960px) 100vw, 960px\" \/><\/a><\/figure><div class=\"wp-block-media-text__content\">\n<h2 class=\"wp-block-heading has-text-align-center has-text-color\" style=\"color:#000000\"><a href=\"https:\/\/hoplatransition.org\/index.php\/il-est-temps\/\" data-type=\"link\" data-id=\"https:\/\/hoplatransition.org\/index.php\/il-est-temps\/\">Il est temps<\/a><\/h2>\n\n\n\n<p class=\"has-text-align-center has-extra-small-font-size\">Des rep\u00e8res pour l&#8217;action<\/p>\n<\/div><\/div>\n\n\n\n<div style=\"height:27px\" aria-hidden=\"true\" class=\"wp-block-spacer\"><\/div>\n\n\n\n<div class=\"wp-block-media-text alignfull is-stacked-on-mobile is-vertically-aligned-center\"><figure class=\"wp-block-media-text__media\"><img loading=\"lazy\" decoding=\"async\" width=\"1024\" height=\"573\" src=\"http:\/\/hoplatransition.org\/wp-content\/uploads\/2022\/05\/nouveau_kit-INVBC-e1695728698471-1024x573.jpg\" alt=\"\" class=\"wp-image-76 size-full\" srcset=\"https:\/\/hoplatransition.org\/wp-content\/uploads\/2022\/05\/nouveau_kit-INVBC-e1695728698471-1024x573.jpg 1024w, https:\/\/hoplatransition.org\/wp-content\/uploads\/2022\/05\/nouveau_kit-INVBC-e1695728698471-300x168.jpg 300w, https:\/\/hoplatransition.org\/wp-content\/uploads\/2022\/05\/nouveau_kit-INVBC-e1695728698471-768x430.jpg 768w, https:\/\/hoplatransition.org\/wp-content\/uploads\/2022\/05\/nouveau_kit-INVBC-e1695728698471.jpg 1280w\" sizes=\"auto, (max-width: 1024px) 100vw, 1024px\" \/><\/figure><div class=\"wp-block-media-text__content\">\n<h2 class=\"wp-block-heading has-text-align-center has-text-color\" style=\"color:#000000\"><a href=\"http:\/\/hoplatransition.org\/index.php\/inventons-nos-vies-bas-carbone\/\">Inventons nos vies<\/a><br><a href=\"http:\/\/hoplatransition.org\/index.php\/inventons-nos-vies-bas-carbone\/\">bas carbone<\/a><\/h2>\n\n\n\n<p class=\"has-text-align-center has-extra-small-font-size\">Pour conna\u00eetre les ordres de grandeur essentiels et imaginer ensemble les actions n\u00e9cessaires, possibles et d\u00e9sirables pour le climat<\/p>\n<\/div><\/div>\n\n\n\n<div style=\"height:27px\" aria-hidden=\"true\" class=\"wp-block-spacer\"><\/div>\n\n\n\n<div class=\"wp-block-media-text alignfull is-stacked-on-mobile is-vertically-aligned-center\"><figure class=\"wp-block-media-text__media\"><img loading=\"lazy\" decoding=\"async\" width=\"368\" height=\"206\" src=\"http:\/\/hoplatransition.org\/wp-content\/uploads\/2023\/11\/little_big_impact-e1700567034773.jpg\" alt=\"\" class=\"wp-image-2132 size-full\" srcset=\"https:\/\/hoplatransition.org\/wp-content\/uploads\/2023\/11\/little_big_impact-e1700567034773.jpg 368w, https:\/\/hoplatransition.org\/wp-content\/uploads\/2023\/11\/little_big_impact-e1700567034773-300x168.jpg 300w\" sizes=\"auto, (max-width: 368px) 100vw, 368px\" \/><\/figure><div class=\"wp-block-media-text__content\">\n<h2 class=\"wp-block-heading has-text-align-center has-text-color\" style=\"color:#000000\"><a href=\"https:\/\/hoplatransition.org\/index.php\/little-big-impact-eco-challenge\/\">Little Big Impact<\/a><\/h2>\n\n\n\n<p class=\"has-text-align-center has-extra-small-font-size\">\u00c9co-challenge Little Big Impact : un atelier de&nbsp;<strong>sensibilisation<\/strong>&nbsp;et&nbsp;un<strong>&nbsp;challenge collectif<\/strong>&nbsp;pour transformer vos pratiques et r\u00e9duire&nbsp;votre impact environnemental<\/p>\n<\/div><\/div>\n\n\n\n<div style=\"height:27px\" aria-hidden=\"true\" class=\"wp-block-spacer\"><\/div>\n\n\n\n<div class=\"wp-block-media-text alignfull is-stacked-on-mobile is-vertically-aligned-center\"><figure class=\"wp-block-media-text__media\"><img loading=\"lazy\" decoding=\"async\" width=\"850\" height=\"510\" src=\"http:\/\/hoplatransition.org\/wp-content\/uploads\/2024\/02\/jeu-mission-resilience-1.jpg\" alt=\"\" class=\"wp-image-2261 size-full\" srcset=\"https:\/\/hoplatransition.org\/wp-content\/uploads\/2024\/02\/jeu-mission-resilience-1.jpg 850w, https:\/\/hoplatransition.org\/wp-content\/uploads\/2024\/02\/jeu-mission-resilience-1-300x180.jpg 300w, https:\/\/hoplatransition.org\/wp-content\/uploads\/2024\/02\/jeu-mission-resilience-1-768x461.jpg 768w\" sizes=\"auto, (max-width: 850px) 100vw, 850px\" \/><\/figure><div class=\"wp-block-media-text__content\">\n<h2 class=\"wp-block-heading has-text-align-center has-text-color\" style=\"color:#000000\"><a href=\"https:\/\/hoplatransition.org\/index.php\/jeu-mission-resilience\/\" target=\"_blank\" rel=\"noreferrer noopener\">Mission : R\u00e9silience<\/a><\/h2>\n\n\n\n<p class=\"has-text-align-center has-extra-small-font-size\">Jeu de cartes et de plateau pour d\u00e9couvrir les probl\u00e9matiques de l&#8217;adaptation des territoires au changement climatique et de trouver des solutions adapt\u00e9es. <\/p>\n<\/div><\/div>\n\n\n\n<div style=\"height:27px\" aria-hidden=\"true\" class=\"wp-block-spacer\"><\/div>\n\n\n\n<div class=\"wp-block-media-text alignfull is-stacked-on-mobile is-vertically-aligned-center\"><figure class=\"wp-block-media-text__media\"><img loading=\"lazy\" decoding=\"async\" width=\"1024\" height=\"575\" src=\"http:\/\/hoplatransition.org\/wp-content\/uploads\/2022\/11\/MyCO2-e1695728931269-1024x575.jpg\" alt=\"\" class=\"wp-image-676 size-full\" srcset=\"https:\/\/hoplatransition.org\/wp-content\/uploads\/2022\/11\/MyCO2-e1695728931269-1024x575.jpg 1024w, https:\/\/hoplatransition.org\/wp-content\/uploads\/2022\/11\/MyCO2-e1695728931269-300x168.jpg 300w, https:\/\/hoplatransition.org\/wp-content\/uploads\/2022\/11\/MyCO2-e1695728931269-768x431.jpg 768w, https:\/\/hoplatransition.org\/wp-content\/uploads\/2022\/11\/MyCO2-e1695728931269.jpg 1250w\" sizes=\"auto, (max-width: 1024px) 100vw, 1024px\" \/><\/figure><div class=\"wp-block-media-text__content\">\n<h2 class=\"wp-block-heading has-text-align-center has-text-color\" style=\"color:#000000\"><a href=\"http:\/\/hoplatransition.org\/index.php\/my-co2\/\">MyCO2<\/a><\/h2>\n\n\n\n<p class=\"has-text-align-center has-extra-small-font-size\">Atelier\/conf\u00e9rence interactive pour comprendre son empreinte carbone et agir d\u00e8s maintenant.<\/p>\n<\/div><\/div>\n\n\n\n<div style=\"height:27px\" aria-hidden=\"true\" class=\"wp-block-spacer\"><\/div>\n\n\n\n<div class=\"wp-block-media-text alignfull is-stacked-on-mobile is-vertically-aligned-center\"><figure class=\"wp-block-media-text__media\"><img loading=\"lazy\" decoding=\"async\" width=\"909\" height=\"529\" src=\"http:\/\/hoplatransition.org\/wp-content\/uploads\/2022\/05\/ogre3.png\" alt=\"\" class=\"wp-image-73 size-full\" srcset=\"https:\/\/hoplatransition.org\/wp-content\/uploads\/2022\/05\/ogre3.png 909w, https:\/\/hoplatransition.org\/wp-content\/uploads\/2022\/05\/ogre3-300x175.png 300w, https:\/\/hoplatransition.org\/wp-content\/uploads\/2022\/05\/ogre3-768x447.png 768w\" sizes=\"auto, (max-width: 909px) 100vw, 909px\" \/><\/figure><div class=\"wp-block-media-text__content\">\n<h2 class=\"wp-block-heading has-text-align-center has-text-color\" style=\"color:#000000\"><a href=\"http:\/\/hoplatransition.org\/index.php\/ogre\/\">OGRE<\/a><\/h2>\n\n\n\n<p class=\"has-text-align-center has-extra-small-font-size\">Tout savoir sur les Ordres de GRandeur des Energies<\/p>\n<\/div><\/div>\n\n\n\n<div style=\"height:27px\" aria-hidden=\"true\" class=\"wp-block-spacer\"><\/div>\n\n\n\n<div class=\"wp-block-media-text alignfull is-stacked-on-mobile is-vertically-aligned-center\"><figure class=\"wp-block-media-text__media\"><img loading=\"lazy\" decoding=\"async\" width=\"549\" height=\"320\" src=\"http:\/\/hoplatransition.org\/wp-content\/uploads\/2024\/07\/Capture-decran-2024-07-16-132247-e1721129028630.png\" alt=\"\" class=\"wp-image-2572 size-full\" srcset=\"https:\/\/hoplatransition.org\/wp-content\/uploads\/2024\/07\/Capture-decran-2024-07-16-132247-e1721129028630.png 549w, https:\/\/hoplatransition.org\/wp-content\/uploads\/2024\/07\/Capture-decran-2024-07-16-132247-e1721129028630-300x175.png 300w\" sizes=\"auto, (max-width: 549px) 100vw, 549px\" \/><\/figure><div class=\"wp-block-media-text__content\">\n<h2 class=\"wp-block-heading has-text-align-center has-text-color\" style=\"color:#000000\"><a href=\"https:\/\/hoplatransition.org\/index.php\/puzzle-climat\/\" target=\"_blank\" rel=\"noreferrer noopener\">Puzzle Climat<\/a><\/h2>\n\n\n\n<p class=\"has-text-align-center has-extra-small-font-size\">Jeu de plateau qui aide \u00e0 trouver les leviers pour diviser notre empreinte carbone par 2 en 5 ans <\/p>\n<\/div><\/div>\n\n\n\n<div style=\"height:27px\" aria-hidden=\"true\" class=\"wp-block-spacer\"><\/div>\n","protected":false},"excerpt":{"rendered":"<p>2tonnes Pour savoir comment atteindre collectivement et individuellement 2 tonnes d&#8217;\u00e9missions de GES par personne en 2050 Ateliers de l&#8217;adaptation au Changement Climatique Ateliers pour comprendre ce qu&#8217;est l&#8217;adaptation et fournir une m\u00e9thode pour faire collectivement les bons choix Futurs proches Ateliers d\u2019imagination et de co-\u00e9criture de r\u00e9cits. Il est temps Des rep\u00e8res pour l&#8217;action [&hellip;]<\/p>\n","protected":false},"author":1,"featured_media":0,"parent":0,"menu_order":0,"comment_status":"closed","ping_status":"closed","template":"","meta":{"_seopress_robots_primary_cat":"","_mc_calendar":[],"footnotes":""},"class_list":["post-1100","page","type-page","status-publish","hentry"],"_links":{"self":[{"href":"https:\/\/hoplatransition.org\/index.php\/wp-json\/wp\/v2\/pages\/1100","targetHints":{"allow":["GET"]}}],"collection":[{"href":"https:\/\/hoplatransition.org\/index.php\/wp-json\/wp\/v2\/pages"}],"about":[{"href":"https:\/\/hoplatransition.org\/index.php\/wp-json\/wp\/v2\/types\/page"}],"author":[{"embeddable":true,"href":"https:\/\/hoplatransition.org\/index.php\/wp-json\/wp\/v2\/users\/1"}],"replies":[{"embeddable":true,"href":"https:\/\/hoplatransition.org\/index.php\/wp-json\/wp\/v2\/comments?post=1100"}],"version-history":[{"count":28,"href":"https:\/\/hoplatransition.org\/index.php\/wp-json\/wp\/v2\/pages\/1100\/revisions"}],"predecessor-version":[{"id":2574,"href":"https:\/\/hoplatransition.org\/index.php\/wp-json\/wp\/v2\/pages\/1100\/revisions\/2574"}],"wp:attachment":[{"href":"https:\/\/hoplatransition.org\/index.php\/wp-json\/wp\/v2\/media?parent=1100"}],"curies":[{"name":"wp","href":"https:\/\/api.w.org\/{rel}","templated":true}]}}