{"id":1070,"date":"2023-03-08T23:11:20","date_gmt":"2023-03-08T22:11:20","guid":{"rendered":"http:\/\/hoplatransition.org\/?page_id=1070"},"modified":"2024-07-16T16:57:18","modified_gmt":"2024-07-16T14:57:18","slug":"nos-spectacles","status":"publish","type":"page","link":"https:\/\/hoplatransition.org\/index.php\/nos-spectacles\/","title":{"rendered":"Nos spectacles"},"content":{"rendered":"\n<h2 class=\"wp-block-heading\">D\u00e9couvrez les spectacles propos\u00e9s par ou avec nos partenaires pour aborder la transition \u00e9cologique sous un angle encore plus ludique : th\u00e9\u00e2tre, conte, improvisation, peinture, \u00e0 terme il y en aura pour tout les go\u00fbts ! <\/h2>\n\n\n\n<p class=\"has-medium-font-size\"><\/p>\n\n\n<div class=\"wp-block-image\">\n<figure class=\"alignright size-full\"><img loading=\"lazy\" decoding=\"async\" width=\"415\" height=\"121\" src=\"https:\/\/hoplatransition.org\/wp-content\/uploads\/2024\/07\/logo-fc-clair-1.png\" alt=\"\" class=\"wp-image-2538\" srcset=\"https:\/\/hoplatransition.org\/wp-content\/uploads\/2024\/07\/logo-fc-clair-1.png 415w, https:\/\/hoplatransition.org\/wp-content\/uploads\/2024\/07\/logo-fc-clair-1-300x87.png 300w\" sizes=\"auto, (max-width: 415px) 100vw, 415px\" \/><\/figure>\n<\/div>\n\n\n<p class=\"has-medium-font-size\"><strong>Pour commencer, nous avons le plaisir de vous pr\u00e9senter le tout premier spectacle propos\u00e9 par notre partenaire : la compagnie &#8220;Facteurs Communs&#8221; ! <\/strong><\/p>\n\n\n\n<div style=\"height:27px\" aria-hidden=\"true\" class=\"wp-block-spacer\"><\/div>\n\n\n\n<p class=\"has-text-align-left has-medium-font-size\"><strong>Installez-vous confortablement et d\u00e9couvrez la pi\u00e8ce &#8220;1972&#8221;, de Fred Cacheux et Nils \u00d6hlund<\/strong>.<\/p>\n\n\n<div class=\"wp-block-image\">\n<figure class=\"aligncenter size-large is-resized\"><img loading=\"lazy\" decoding=\"async\" width=\"1024\" height=\"683\" src=\"https:\/\/hoplatransition.org\/wp-content\/uploads\/2024\/07\/Spectacle-1972-FC-1972-b-1024x683.jpg\" alt=\"\" class=\"wp-image-2532\" style=\"width:635px;height:auto\" srcset=\"https:\/\/hoplatransition.org\/wp-content\/uploads\/2024\/07\/Spectacle-1972-FC-1972-b-1024x683.jpg 1024w, https:\/\/hoplatransition.org\/wp-content\/uploads\/2024\/07\/Spectacle-1972-FC-1972-b-300x200.jpg 300w, https:\/\/hoplatransition.org\/wp-content\/uploads\/2024\/07\/Spectacle-1972-FC-1972-b-768x512.jpg 768w, https:\/\/hoplatransition.org\/wp-content\/uploads\/2024\/07\/Spectacle-1972-FC-1972-b-1536x1024.jpg 1536w, https:\/\/hoplatransition.org\/wp-content\/uploads\/2024\/07\/Spectacle-1972-FC-1972-b-2048x1365.jpg 2048w\" sizes=\"auto, (max-width: 1024px) 100vw, 1024px\" \/><\/figure>\n<\/div>\n\n\n<p class=\"has-text-align-center has-small-font-size\">Cr\u00e9dit photo : Ville de Bischheim<\/p>\n\n\n\n<p class=\"has-medium-font-size\"><em>Ils sont deux. Ils sont n\u00e9s en 1972. Juste avant la crise p\u00e9troli\u00e8re, l\u2019ann\u00e9e o\u00f9 des chercheurs am\u00e9ricains annoncent l\u2019effondrement programm\u00e9 du syst\u00e8me \u00e9conomique mondial au cours du 21\u00e8me si\u00e8cle, dans un rapport connu sous le nom de \u00ab rapport Meadows \u00bb. Enfants de la t\u00e9l\u00e9, du tout plastique et du diesel, des hypermarch\u00e9s et du fast food, ils sondent notre pass\u00e9 pour envisager un futur d\u00e9sirable. Et s\u2019il n\u2019\u00e9tait pas trop tard pour changer les r\u00e8gles ?<\/em><\/p>\n\n\n\n<p class=\"has-medium-font-size\">Les artistes nous embarquent pour r\u00e9fl\u00e9chir avec eux et vivre une exp\u00e9rience transformatrice, ouverte sur le territoire. Avec une pointe d&#8217;humour et de l\u00e9g\u00e8ret\u00e9, l&#8217;id\u00e9e \u00e9tant \u00e9videmment de passer un agr\u00e9able moment !&nbsp;<\/p>\n\n\n\n<p class=\"has-medium-font-size\">Spectacle tout public &#8211; Dur\u00e9e 1h30<\/p>\n\n\n\n<p class=\"has-medium-font-size\">Pour en savoir plus : <a href=\"https:\/\/facteurs-communs.fr\/spectacle\/1972-2\/\" target=\"_blank\" rel=\"noreferrer noopener\">Compagnie Facteurs Communs<\/a><\/p>\n\n\n\n<p class=\"has-medium-font-size\">Consultez les dates des &#8220;<a href=\"https:\/\/hoplatransition.org\/index.php\/les-prochains-spectacles\/\" target=\"_blank\" rel=\"noreferrer noopener\">Prochains spectacles<\/a>&#8221; ou <a href=\"https:\/\/hoplatransition.org\/index.php\/nos-animations-sur-mesure\/\" target=\"_blank\" rel=\"noreferrer noopener\">contactez-nous<\/a> si vous avez des besoins sp\u00e9cifiques.<\/p>\n\n\n\n<p class=\"has-text-align-left has-medium-font-size\"><\/p>\n\n\n\n<div style=\"height:37px\" aria-hidden=\"true\" class=\"wp-block-spacer\"><\/div>\n","protected":false},"excerpt":{"rendered":"<p>D\u00e9couvrez les spectacles propos\u00e9s par ou avec nos partenaires pour aborder la transition \u00e9cologique sous un angle encore plus ludique : th\u00e9\u00e2tre, conte, improvisation, peinture, \u00e0 terme il y en aura pour tout les go\u00fbts ! Pour commencer, nous avons le plaisir de vous pr\u00e9senter le tout premier spectacle propos\u00e9 par notre partenaire : la [&hellip;]<\/p>\n","protected":false},"author":1,"featured_media":0,"parent":0,"menu_order":0,"comment_status":"closed","ping_status":"closed","template":"","meta":{"_seopress_robots_primary_cat":"","_mc_calendar":[],"footnotes":""},"class_list":["post-1070","page","type-page","status-publish","hentry"],"_links":{"self":[{"href":"https:\/\/hoplatransition.org\/index.php\/wp-json\/wp\/v2\/pages\/1070","targetHints":{"allow":["GET"]}}],"collection":[{"href":"https:\/\/hoplatransition.org\/index.php\/wp-json\/wp\/v2\/pages"}],"about":[{"href":"https:\/\/hoplatransition.org\/index.php\/wp-json\/wp\/v2\/types\/page"}],"author":[{"embeddable":true,"href":"https:\/\/hoplatransition.org\/index.php\/wp-json\/wp\/v2\/users\/1"}],"replies":[{"embeddable":true,"href":"https:\/\/hoplatransition.org\/index.php\/wp-json\/wp\/v2\/comments?post=1070"}],"version-history":[{"count":16,"href":"https:\/\/hoplatransition.org\/index.php\/wp-json\/wp\/v2\/pages\/1070\/revisions"}],"predecessor-version":[{"id":2581,"href":"https:\/\/hoplatransition.org\/index.php\/wp-json\/wp\/v2\/pages\/1070\/revisions\/2581"}],"wp:attachment":[{"href":"https:\/\/hoplatransition.org\/index.php\/wp-json\/wp\/v2\/media?parent=1070"}],"curies":[{"name":"wp","href":"https:\/\/api.w.org\/{rel}","templated":true}]}}