{"id":1017,"date":"2023-03-03T15:20:53","date_gmt":"2023-03-03T14:20:53","guid":{"rendered":"http:\/\/hoplatransition.org\/?page_id=1017"},"modified":"2026-01-05T13:14:35","modified_gmt":"2026-01-05T12:14:35","slug":"nous-rejoindre","status":"publish","type":"page","link":"https:\/\/hoplatransition.org\/index.php\/nous-rejoindre\/","title":{"rendered":"Nous rejoindre"},"content":{"rendered":"\n<h2 class=\"wp-block-heading\">VOUS AVEZ DE NOMBREUSES OPTIONS POUR NOUS RENCONTRER, NOUS AIDER OU ENCORE D\u00c9COUVRIR NOS OUTILS ET MONTER EN COMP\u00c9TENCE !<\/h2>\n\n\n\n<div class=\"wp-block-media-text alignwide is-stacked-on-mobile\"><figure class=\"wp-block-media-text__media\"><a href=\"http:\/\/hoplatransition.org\/index.php\/prochaines-rencontres\/\"><img loading=\"lazy\" decoding=\"async\" width=\"1000\" height=\"358\" src=\"http:\/\/hoplatransition.org\/wp-content\/uploads\/2023\/03\/NOUS-REJOINDRE-2.png\" alt=\"\" class=\"wp-image-1342 size-full\" srcset=\"https:\/\/hoplatransition.org\/wp-content\/uploads\/2023\/03\/NOUS-REJOINDRE-2.png 1000w, https:\/\/hoplatransition.org\/wp-content\/uploads\/2023\/03\/NOUS-REJOINDRE-2-300x107.png 300w, https:\/\/hoplatransition.org\/wp-content\/uploads\/2023\/03\/NOUS-REJOINDRE-2-768x275.png 768w\" sizes=\"auto, (max-width: 1000px) 100vw, 1000px\" \/><\/a><\/figure><div class=\"wp-block-media-text__content\">\n<p class=\"has-text-align-center has-medium-font-size\">Participez \u00e0 nos visios de pr\u00e9sentation, ap\u00e9ros \/ afterworks&#8230; Voici le meilleur moyen de conna\u00eetre l&#8217;asso et de savoir comment contribuer.<\/p>\n<\/div><\/div>\n\n\n\n<div class=\"wp-block-media-text alignwide is-stacked-on-mobile\"><figure class=\"wp-block-media-text__media\"><a href=\"http:\/\/hoplatransition.org\/index.php\/nos-antennes-locales\/\"><img loading=\"lazy\" decoding=\"async\" width=\"1000\" height=\"357\" src=\"http:\/\/hoplatransition.org\/wp-content\/uploads\/2023\/03\/NOUS-REJOINDRE-1.png\" alt=\"\" class=\"wp-image-1340 size-full\" srcset=\"https:\/\/hoplatransition.org\/wp-content\/uploads\/2023\/03\/NOUS-REJOINDRE-1.png 1000w, https:\/\/hoplatransition.org\/wp-content\/uploads\/2023\/03\/NOUS-REJOINDRE-1-300x107.png 300w, https:\/\/hoplatransition.org\/wp-content\/uploads\/2023\/03\/NOUS-REJOINDRE-1-768x274.png 768w\" sizes=\"auto, (max-width: 1000px) 100vw, 1000px\" \/><\/a><\/figure><div class=\"wp-block-media-text__content\">\n<p class=\"has-text-align-center has-medium-font-size\">Pour plus de proximit\u00e9 et ne rien ratez autour de chez vous, rejoignez une antenne locale<\/p>\n<\/div><\/div>\n\n\n\n<div class=\"wp-block-media-text alignwide is-stacked-on-mobile\"><figure class=\"wp-block-media-text__media\"><a href=\"https:\/\/hoplatransition.org\/index.php\/nos-evenements\/\"><img loading=\"lazy\" decoding=\"async\" width=\"1000\" height=\"358\" src=\"http:\/\/hoplatransition.org\/wp-content\/uploads\/2023\/03\/NOUS-REJOINDRE-3.png\" alt=\"\" class=\"wp-image-1343 size-full\" srcset=\"https:\/\/hoplatransition.org\/wp-content\/uploads\/2023\/03\/NOUS-REJOINDRE-3.png 1000w, https:\/\/hoplatransition.org\/wp-content\/uploads\/2023\/03\/NOUS-REJOINDRE-3-300x107.png 300w, https:\/\/hoplatransition.org\/wp-content\/uploads\/2023\/03\/NOUS-REJOINDRE-3-768x275.png 768w\" sizes=\"auto, (max-width: 1000px) 100vw, 1000px\" \/><\/a><\/figure><div class=\"wp-block-media-text__content\">\n<p class=\"has-text-align-center has-medium-font-size\">Participez \u00e0 l&#8217;un de nos nombreux ateliers ou conf\u00e9rences pour monter en comp\u00e9tence sur les sujets environnementaux.<\/p>\n<\/div><\/div>\n\n\n\n<div class=\"wp-block-media-text alignwide is-stacked-on-mobile\"><figure class=\"wp-block-media-text__media\"><a href=\"https:\/\/hoplatransition.org\/index.php\/nos-prochaines-formations\/\"><img loading=\"lazy\" decoding=\"async\" width=\"1000\" height=\"357\" src=\"http:\/\/hoplatransition.org\/wp-content\/uploads\/2023\/03\/NOUS-REJOINDRE-4.png\" alt=\"\" class=\"wp-image-1345 size-full\" srcset=\"https:\/\/hoplatransition.org\/wp-content\/uploads\/2023\/03\/NOUS-REJOINDRE-4.png 1000w, https:\/\/hoplatransition.org\/wp-content\/uploads\/2023\/03\/NOUS-REJOINDRE-4-300x107.png 300w, https:\/\/hoplatransition.org\/wp-content\/uploads\/2023\/03\/NOUS-REJOINDRE-4-768x274.png 768w\" sizes=\"auto, (max-width: 1000px) 100vw, 1000px\" \/><\/a><\/figure><div class=\"wp-block-media-text__content\">\n<p class=\"has-text-align-center has-medium-font-size\">Se former et faire vivre les outils, c&#8217;est facile : suivez l&#8217;une de nos formations \u00e0 l&#8217;animation et hopla geiss !<\/p>\n<\/div><\/div>\n\n\n\n<div class=\"wp-block-media-text alignwide is-stacked-on-mobile\"><figure class=\"wp-block-media-text__media\"><a href=\"https:\/\/hoplatransition.org\/index.php\/notre-organisation-nos-groupes-de-travail\/\"><img loading=\"lazy\" decoding=\"async\" width=\"1000\" height=\"358\" src=\"http:\/\/hoplatransition.org\/wp-content\/uploads\/2023\/03\/NOUS-REJOINDRE-5.png\" alt=\"\" class=\"wp-image-1346 size-full\" srcset=\"https:\/\/hoplatransition.org\/wp-content\/uploads\/2023\/03\/NOUS-REJOINDRE-5.png 1000w, https:\/\/hoplatransition.org\/wp-content\/uploads\/2023\/03\/NOUS-REJOINDRE-5-300x107.png 300w, https:\/\/hoplatransition.org\/wp-content\/uploads\/2023\/03\/NOUS-REJOINDRE-5-768x275.png 768w\" sizes=\"auto, (max-width: 1000px) 100vw, 1000px\" \/><\/a><\/figure><div class=\"wp-block-media-text__content\">\n<p class=\"has-text-align-center has-medium-font-size\">Vous pouvez nous aider sur les diff\u00e9rents p\u00f4les de l&#8217;association : tant de projets n&#8217;attendent que votre soutien pour avancer !<\/p>\n<\/div><\/div>\n\n\n\n<div class=\"wp-block-columns is-layout-flex wp-container-core-columns-is-layout-9d6595d7 wp-block-columns-is-layout-flex\">\n<div class=\"wp-block-column is-layout-flow wp-block-column-is-layout-flow\">\n<figure class=\"wp-block-image size-full\"><a href=\"https:\/\/5db13402.sibforms.com\/serve\/MUIEAFo6JLOT7gNuMROiYWxs8zUspCFYr10A8ck8RBzGcfJSA_06gSnq0SvgZ8KJEVJmOPWUeTK6PANLNaUkM9Cwgdwr-2G5KEMGk54GKP4swJQIeJ-KteJHNQetCEvVWoVX_6DI_U1mBbs6fno7gwhM133o48mjIaIqG_pZg5-Pv15yOQT83JXxvfnddx59_z_Enr8i9q4gzq6e\"><img loading=\"lazy\" decoding=\"async\" width=\"1001\" height=\"357\" src=\"http:\/\/hoplatransition.org\/wp-content\/uploads\/2023\/03\/NOUS-REJOINDRE-8.png\" alt=\"\" class=\"wp-image-1350\" srcset=\"https:\/\/hoplatransition.org\/wp-content\/uploads\/2023\/03\/NOUS-REJOINDRE-8.png 1001w, https:\/\/hoplatransition.org\/wp-content\/uploads\/2023\/03\/NOUS-REJOINDRE-8-300x107.png 300w, https:\/\/hoplatransition.org\/wp-content\/uploads\/2023\/03\/NOUS-REJOINDRE-8-768x274.png 768w\" sizes=\"auto, (max-width: 1001px) 100vw, 1001px\" \/><\/a><\/figure>\n<\/div>\n\n\n\n<div class=\"wp-block-column is-layout-flow wp-block-column-is-layout-flow\">\n<figure class=\"wp-block-image size-full\"><a href=\"https:\/\/www.helloasso.com\/associations\/hop-la-transition\/adhesions\/adhesion-2026\" target=\"_blank\" rel=\" noreferrer noopener\"><img loading=\"lazy\" decoding=\"async\" width=\"1001\" height=\"358\" src=\"http:\/\/hoplatransition.org\/wp-content\/uploads\/2023\/03\/NOUS-REJOINDRE-7.png\" alt=\"\" class=\"wp-image-1351\" srcset=\"https:\/\/hoplatransition.org\/wp-content\/uploads\/2023\/03\/NOUS-REJOINDRE-7.png 1001w, https:\/\/hoplatransition.org\/wp-content\/uploads\/2023\/03\/NOUS-REJOINDRE-7-300x107.png 300w, https:\/\/hoplatransition.org\/wp-content\/uploads\/2023\/03\/NOUS-REJOINDRE-7-768x275.png 768w\" sizes=\"auto, (max-width: 1001px) 100vw, 1001px\" \/><\/a><\/figure>\n<\/div>\n<\/div>\n","protected":false},"excerpt":{"rendered":"<p>VOUS AVEZ DE NOMBREUSES OPTIONS POUR NOUS RENCONTRER, NOUS AIDER OU ENCORE D\u00c9COUVRIR NOS OUTILS ET MONTER EN COMP\u00c9TENCE ! Participez \u00e0 nos visios de pr\u00e9sentation, ap\u00e9ros \/ afterworks&#8230; Voici le meilleur moyen de conna\u00eetre l&#8217;asso et de savoir comment contribuer. Pour plus de proximit\u00e9 et ne rien ratez autour de chez vous, rejoignez une [&hellip;]<\/p>\n","protected":false},"author":1,"featured_media":0,"parent":0,"menu_order":0,"comment_status":"closed","ping_status":"closed","template":"","meta":{"_seopress_robots_primary_cat":"","_mc_calendar":[],"footnotes":""},"class_list":["post-1017","page","type-page","status-publish","hentry"],"_links":{"self":[{"href":"https:\/\/hoplatransition.org\/index.php\/wp-json\/wp\/v2\/pages\/1017","targetHints":{"allow":["GET"]}}],"collection":[{"href":"https:\/\/hoplatransition.org\/index.php\/wp-json\/wp\/v2\/pages"}],"about":[{"href":"https:\/\/hoplatransition.org\/index.php\/wp-json\/wp\/v2\/types\/page"}],"author":[{"embeddable":true,"href":"https:\/\/hoplatransition.org\/index.php\/wp-json\/wp\/v2\/users\/1"}],"replies":[{"embeddable":true,"href":"https:\/\/hoplatransition.org\/index.php\/wp-json\/wp\/v2\/comments?post=1017"}],"version-history":[{"count":28,"href":"https:\/\/hoplatransition.org\/index.php\/wp-json\/wp\/v2\/pages\/1017\/revisions"}],"predecessor-version":[{"id":3260,"href":"https:\/\/hoplatransition.org\/index.php\/wp-json\/wp\/v2\/pages\/1017\/revisions\/3260"}],"wp:attachment":[{"href":"https:\/\/hoplatransition.org\/index.php\/wp-json\/wp\/v2\/media?parent=1017"}],"curies":[{"name":"wp","href":"https:\/\/api.w.org\/{rel}","templated":true}]}}